{"id":41856,"date":"2018-11-27T18:53:22","date_gmt":"2018-11-27T15:53:22","guid":{"rendered":"http:\/\/www.ramrolf.eu\/product\/lvmaksajuma-uzdevums-a5-3-slanu-25-kompl\/"},"modified":"2018-11-27T18:53:22","modified_gmt":"2018-11-27T15:53:22","slug":"lvmaksajuma-uzdevums-a5-3-slanu-25-kompl","status":"publish","type":"product","link":"https:\/\/ramrolf.lv\/ru\/product\/lvmaksajuma-uzdevums-a5-3-slanu-25-kompl\/","title":{"rendered":"Maks\u0101juma uzdevums A5 3-sl\u0101\u0146u 25 kompl."},"content":{"rendered":"","protected":false},"excerpt":{"rendered":"<p>Veidlapas<\/p>\n","protected":false},"featured_media":41857,"template":"","meta":[],"product_cat":[472],"product_tag":[],"_links":{"self":[{"href":"https:\/\/ramrolf.lv\/ru\/wp-json\/wp\/v2\/product\/41856"}],"collection":[{"href":"https:\/\/ramrolf.lv\/ru\/wp-json\/wp\/v2\/product"}],"about":[{"href":"https:\/\/ramrolf.lv\/ru\/wp-json\/wp\/v2\/types\/product"}],"wp:featuredmedia":[{"embeddable":true,"href":"https:\/\/ramrolf.lv\/ru\/wp-json\/wp\/v2\/media\/41857"}],"wp:attachment":[{"href":"https:\/\/ramrolf.lv\/ru\/wp-json\/wp\/v2\/media?parent=41856"}],"wp:term":[{"taxonomy":"product_cat","embeddable":true,"href":"https:\/\/ramrolf.lv\/ru\/wp-json\/wp\/v2\/product_cat?post=41856"},{"taxonomy":"product_tag","embeddable":true,"href":"https:\/\/ramrolf.lv\/ru\/wp-json\/wp\/v2\/product_tag?post=41856"}],"curies":[{"name":"wp","href":"https:\/\/api.w.org\/{rel}","templated":true}]}}