{"id":41882,"date":"2018-11-27T18:53:29","date_gmt":"2018-11-27T15:53:29","guid":{"rendered":"http:\/\/www.ramrolf.eu\/product\/lvkvitis-ceks-ar-numuru-a6-2kartu-50-komplekti\/"},"modified":"2018-11-27T18:53:29","modified_gmt":"2018-11-27T15:53:29","slug":"lvkvitis-ceks-ar-numuru-a6-2kartu-50-komplekti","status":"publish","type":"product","link":"https:\/\/ramrolf.lv\/ru\/product\/lvkvitis-ceks-ar-numuru-a6-2kartu-50-komplekti\/","title":{"rendered":"Kv\u012btis \u010ceks ar numuru,  A6,  2k\u0101rtu,  50 komplekti"},"content":{"rendered":"","protected":false},"excerpt":{"rendered":"<p>Veidlapas<\/p>\n","protected":false},"featured_media":41883,"template":"","meta":[],"product_cat":[472],"product_tag":[],"_links":{"self":[{"href":"https:\/\/ramrolf.lv\/ru\/wp-json\/wp\/v2\/product\/41882"}],"collection":[{"href":"https:\/\/ramrolf.lv\/ru\/wp-json\/wp\/v2\/product"}],"about":[{"href":"https:\/\/ramrolf.lv\/ru\/wp-json\/wp\/v2\/types\/product"}],"wp:featuredmedia":[{"embeddable":true,"href":"https:\/\/ramrolf.lv\/ru\/wp-json\/wp\/v2\/media\/41883"}],"wp:attachment":[{"href":"https:\/\/ramrolf.lv\/ru\/wp-json\/wp\/v2\/media?parent=41882"}],"wp:term":[{"taxonomy":"product_cat","embeddable":true,"href":"https:\/\/ramrolf.lv\/ru\/wp-json\/wp\/v2\/product_cat?post=41882"},{"taxonomy":"product_tag","embeddable":true,"href":"https:\/\/ramrolf.lv\/ru\/wp-json\/wp\/v2\/product_tag?post=41882"}],"curies":[{"name":"wp","href":"https:\/\/api.w.org\/{rel}","templated":true}]}}