{"id":41924,"date":"2018-11-27T18:53:41","date_gmt":"2018-11-27T15:53:41","guid":{"rendered":"http:\/\/www.ramrolf.eu\/product\/lvkases-ienemumu-orderis-ar-kviti-a5-formats-100-lapas\/"},"modified":"2018-11-27T18:53:41","modified_gmt":"2018-11-27T15:53:41","slug":"lvkases-ienemumu-orderis-ar-kviti-a5-formats-100-lapas","status":"publish","type":"product","link":"https:\/\/ramrolf.lv\/ru\/product\/lvkases-ienemumu-orderis-ar-kviti-a5-formats-100-lapas\/","title":{"rendered":"Kases ie\u0146\u0113mumu orderis ar kv\u012bti,  A5 form\u0101ts,  100 lapas"},"content":{"rendered":"","protected":false},"excerpt":{"rendered":"<p>Veidlapas<\/p>\n","protected":false},"featured_media":41925,"template":"","meta":[],"product_cat":[472],"product_tag":[],"_links":{"self":[{"href":"https:\/\/ramrolf.lv\/ru\/wp-json\/wp\/v2\/product\/41924"}],"collection":[{"href":"https:\/\/ramrolf.lv\/ru\/wp-json\/wp\/v2\/product"}],"about":[{"href":"https:\/\/ramrolf.lv\/ru\/wp-json\/wp\/v2\/types\/product"}],"wp:featuredmedia":[{"embeddable":true,"href":"https:\/\/ramrolf.lv\/ru\/wp-json\/wp\/v2\/media\/41925"}],"wp:attachment":[{"href":"https:\/\/ramrolf.lv\/ru\/wp-json\/wp\/v2\/media?parent=41924"}],"wp:term":[{"taxonomy":"product_cat","embeddable":true,"href":"https:\/\/ramrolf.lv\/ru\/wp-json\/wp\/v2\/product_cat?post=41924"},{"taxonomy":"product_tag","embeddable":true,"href":"https:\/\/ramrolf.lv\/ru\/wp-json\/wp\/v2\/product_tag?post=41924"}],"curies":[{"name":"wp","href":"https:\/\/api.w.org\/{rel}","templated":true}]}}