{"id":41974,"date":"2018-11-27T18:53:54","date_gmt":"2018-11-27T15:53:54","guid":{"rendered":"http:\/\/www.ramrolf.eu\/product\/lvalgas-nodoklu-gramatas-uzsk-zurn-a5-40lp\/"},"modified":"2018-11-27T18:53:54","modified_gmt":"2018-11-27T15:53:54","slug":"lvalgas-nodoklu-gramatas-uzsk-zurn-a5-40lp","status":"publish","type":"product","link":"https:\/\/ramrolf.lv\/ru\/product\/lvalgas-nodoklu-gramatas-uzsk-zurn-a5-40lp\/","title":{"rendered":"Algas nodok\u013cu gr\u0101matas uzsk.\u017eurn.A5\/40lp"},"content":{"rendered":"","protected":false},"excerpt":{"rendered":"<p>Veidlapas<\/p>\n","protected":false},"featured_media":41975,"template":"","meta":[],"product_cat":[472],"product_tag":[],"_links":{"self":[{"href":"https:\/\/ramrolf.lv\/ru\/wp-json\/wp\/v2\/product\/41974"}],"collection":[{"href":"https:\/\/ramrolf.lv\/ru\/wp-json\/wp\/v2\/product"}],"about":[{"href":"https:\/\/ramrolf.lv\/ru\/wp-json\/wp\/v2\/types\/product"}],"wp:featuredmedia":[{"embeddable":true,"href":"https:\/\/ramrolf.lv\/ru\/wp-json\/wp\/v2\/media\/41975"}],"wp:attachment":[{"href":"https:\/\/ramrolf.lv\/ru\/wp-json\/wp\/v2\/media?parent=41974"}],"wp:term":[{"taxonomy":"product_cat","embeddable":true,"href":"https:\/\/ramrolf.lv\/ru\/wp-json\/wp\/v2\/product_cat?post=41974"},{"taxonomy":"product_tag","embeddable":true,"href":"https:\/\/ramrolf.lv\/ru\/wp-json\/wp\/v2\/product_tag?post=41974"}],"curies":[{"name":"wp","href":"https:\/\/api.w.org\/{rel}","templated":true}]}}