{"id":42030,"date":"2018-11-27T18:54:09","date_gmt":"2018-11-27T15:54:09","guid":{"rendered":"http:\/\/www.ramrolf.eu\/product\/lvsaimnieciskas-darbibas-ien-un-izd-uzskaites-zurnals-a4\/"},"modified":"2018-11-27T18:54:09","modified_gmt":"2018-11-27T15:54:09","slug":"lvsaimnieciskas-darbibas-ien-un-izd-uzskaites-zurnals-a4","status":"publish","type":"product","link":"https:\/\/ramrolf.lv\/ru\/product\/lvsaimnieciskas-darbibas-ien-un-izd-uzskaites-zurnals-a4\/","title":{"rendered":"Saimniecisk\u0101s darb\u012bbas ie\u0146.un izd. uzskaites \u017eurn\u0101ls A4"},"content":{"rendered":"","protected":false},"excerpt":{"rendered":"<p>Veidlapas<\/p>\n","protected":false},"featured_media":42031,"template":"","meta":[],"product_cat":[472],"product_tag":[],"_links":{"self":[{"href":"https:\/\/ramrolf.lv\/ru\/wp-json\/wp\/v2\/product\/42030"}],"collection":[{"href":"https:\/\/ramrolf.lv\/ru\/wp-json\/wp\/v2\/product"}],"about":[{"href":"https:\/\/ramrolf.lv\/ru\/wp-json\/wp\/v2\/types\/product"}],"wp:featuredmedia":[{"embeddable":true,"href":"https:\/\/ramrolf.lv\/ru\/wp-json\/wp\/v2\/media\/42031"}],"wp:attachment":[{"href":"https:\/\/ramrolf.lv\/ru\/wp-json\/wp\/v2\/media?parent=42030"}],"wp:term":[{"taxonomy":"product_cat","embeddable":true,"href":"https:\/\/ramrolf.lv\/ru\/wp-json\/wp\/v2\/product_cat?post=42030"},{"taxonomy":"product_tag","embeddable":true,"href":"https:\/\/ramrolf.lv\/ru\/wp-json\/wp\/v2\/product_tag?post=42030"}],"curies":[{"name":"wp","href":"https:\/\/api.w.org\/{rel}","templated":true}]}}