{"id":42034,"date":"2018-11-27T18:54:10","date_gmt":"2018-11-27T15:54:10","guid":{"rendered":"http:\/\/www.ramrolf.eu\/product\/lvsanemto-dokumentu-registracijas-zurnals-a4-36-lapas\/"},"modified":"2018-11-27T18:54:10","modified_gmt":"2018-11-27T15:54:10","slug":"lvsanemto-dokumentu-registracijas-zurnals-a4-36-lapas","status":"publish","type":"product","link":"https:\/\/ramrolf.lv\/ru\/product\/lvsanemto-dokumentu-registracijas-zurnals-a4-36-lapas\/","title":{"rendered":"Sa\u0146emto dokumentu re\u0123istr\u0101cijas \u017eurn\u0101ls,  A4\/36 lapas"},"content":{"rendered":"","protected":false},"excerpt":{"rendered":"<p>Veidlapas<\/p>\n","protected":false},"featured_media":42035,"template":"","meta":[],"product_cat":[472],"product_tag":[],"_links":{"self":[{"href":"https:\/\/ramrolf.lv\/ru\/wp-json\/wp\/v2\/product\/42034"}],"collection":[{"href":"https:\/\/ramrolf.lv\/ru\/wp-json\/wp\/v2\/product"}],"about":[{"href":"https:\/\/ramrolf.lv\/ru\/wp-json\/wp\/v2\/types\/product"}],"wp:featuredmedia":[{"embeddable":true,"href":"https:\/\/ramrolf.lv\/ru\/wp-json\/wp\/v2\/media\/42035"}],"wp:attachment":[{"href":"https:\/\/ramrolf.lv\/ru\/wp-json\/wp\/v2\/media?parent=42034"}],"wp:term":[{"taxonomy":"product_cat","embeddable":true,"href":"https:\/\/ramrolf.lv\/ru\/wp-json\/wp\/v2\/product_cat?post=42034"},{"taxonomy":"product_tag","embeddable":true,"href":"https:\/\/ramrolf.lv\/ru\/wp-json\/wp\/v2\/product_tag?post=42034"}],"curies":[{"name":"wp","href":"https:\/\/api.w.org\/{rel}","templated":true}]}}