{"id":42086,"date":"2018-11-27T18:54:25","date_gmt":"2018-11-27T15:54:25","guid":{"rendered":"http:\/\/www.ramrolf.eu\/product\/lvsanemtoizrakstito-precu-pavadzimju-rekinu-registr-zurnals\/"},"modified":"2018-11-27T18:54:25","modified_gmt":"2018-11-27T15:54:25","slug":"lvsanemtoizrakstito-precu-pavadzimju-rekinu-registr-zurnals","status":"publish","type":"product","link":"https:\/\/ramrolf.lv\/ru\/product\/lvsanemtoizrakstito-precu-pavadzimju-rekinu-registr-zurnals\/","title":{"rendered":"Sa\u0146emto(izrakst\u012bto) pre\u010du pavadz\u012bmju-r\u0113\u0137inu registr. \u017eurn\u0101ls"},"content":{"rendered":"","protected":false},"excerpt":{"rendered":"<p>Veidlapas<\/p>\n","protected":false},"featured_media":42087,"template":"","meta":[],"product_cat":[472],"product_tag":[],"_links":{"self":[{"href":"https:\/\/ramrolf.lv\/ru\/wp-json\/wp\/v2\/product\/42086"}],"collection":[{"href":"https:\/\/ramrolf.lv\/ru\/wp-json\/wp\/v2\/product"}],"about":[{"href":"https:\/\/ramrolf.lv\/ru\/wp-json\/wp\/v2\/types\/product"}],"wp:featuredmedia":[{"embeddable":true,"href":"https:\/\/ramrolf.lv\/ru\/wp-json\/wp\/v2\/media\/42087"}],"wp:attachment":[{"href":"https:\/\/ramrolf.lv\/ru\/wp-json\/wp\/v2\/media?parent=42086"}],"wp:term":[{"taxonomy":"product_cat","embeddable":true,"href":"https:\/\/ramrolf.lv\/ru\/wp-json\/wp\/v2\/product_cat?post=42086"},{"taxonomy":"product_tag","embeddable":true,"href":"https:\/\/ramrolf.lv\/ru\/wp-json\/wp\/v2\/product_tag?post=42086"}],"curies":[{"name":"wp","href":"https:\/\/api.w.org\/{rel}","templated":true}]}}