{"id":42094,"date":"2018-11-27T18:54:28","date_gmt":"2018-11-27T15:54:28","guid":{"rendered":"http:\/\/www.ramrolf.eu\/product\/lvnolikt-materialu-parskats-zurnals-a4-16\/"},"modified":"2018-11-27T18:54:28","modified_gmt":"2018-11-27T15:54:28","slug":"lvnolikt-materialu-parskats-zurnals-a4-16","status":"publish","type":"product","link":"https:\/\/ramrolf.lv\/ru\/product\/lvnolikt-materialu-parskats-zurnals-a4-16\/","title":{"rendered":"Nolikt.- Materi\u0101lu p\u0101rskats (\u017eurn\u0101ls) A4\/16"},"content":{"rendered":"","protected":false},"excerpt":{"rendered":"<p>Veidlapas<\/p>\n","protected":false},"featured_media":42095,"template":"","meta":[],"product_cat":[472],"product_tag":[],"_links":{"self":[{"href":"https:\/\/ramrolf.lv\/ru\/wp-json\/wp\/v2\/product\/42094"}],"collection":[{"href":"https:\/\/ramrolf.lv\/ru\/wp-json\/wp\/v2\/product"}],"about":[{"href":"https:\/\/ramrolf.lv\/ru\/wp-json\/wp\/v2\/types\/product"}],"wp:featuredmedia":[{"embeddable":true,"href":"https:\/\/ramrolf.lv\/ru\/wp-json\/wp\/v2\/media\/42095"}],"wp:attachment":[{"href":"https:\/\/ramrolf.lv\/ru\/wp-json\/wp\/v2\/media?parent=42094"}],"wp:term":[{"taxonomy":"product_cat","embeddable":true,"href":"https:\/\/ramrolf.lv\/ru\/wp-json\/wp\/v2\/product_cat?post=42094"},{"taxonomy":"product_tag","embeddable":true,"href":"https:\/\/ramrolf.lv\/ru\/wp-json\/wp\/v2\/product_tag?post=42094"}],"curies":[{"name":"wp","href":"https:\/\/api.w.org\/{rel}","templated":true}]}}