{"id":42120,"date":"2018-11-27T18:54:35","date_gmt":"2018-11-27T15:54:35","guid":{"rendered":"http:\/\/www.ramrolf.eu\/product\/lvugunsaizsardzibas-sistemas-iedarb-un-bojajumu-uzsk-zurnals\/"},"modified":"2018-11-27T18:54:35","modified_gmt":"2018-11-27T15:54:35","slug":"lvugunsaizsardzibas-sistemas-iedarb-un-bojajumu-uzsk-zurnals","status":"publish","type":"product","link":"https:\/\/ramrolf.lv\/ru\/product\/lvugunsaizsardzibas-sistemas-iedarb-un-bojajumu-uzsk-zurnals\/","title":{"rendered":"Ugunsaizsardz\u012bbas sist\u0113mas iedarb. un boj\u0101jumu uzsk. \u017eurn\u0101ls"},"content":{"rendered":"","protected":false},"excerpt":{"rendered":"<p>Veidlapas<\/p>\n","protected":false},"featured_media":42121,"template":"","meta":[],"product_cat":[472],"product_tag":[],"_links":{"self":[{"href":"https:\/\/ramrolf.lv\/ru\/wp-json\/wp\/v2\/product\/42120"}],"collection":[{"href":"https:\/\/ramrolf.lv\/ru\/wp-json\/wp\/v2\/product"}],"about":[{"href":"https:\/\/ramrolf.lv\/ru\/wp-json\/wp\/v2\/types\/product"}],"wp:featuredmedia":[{"embeddable":true,"href":"https:\/\/ramrolf.lv\/ru\/wp-json\/wp\/v2\/media\/42121"}],"wp:attachment":[{"href":"https:\/\/ramrolf.lv\/ru\/wp-json\/wp\/v2\/media?parent=42120"}],"wp:term":[{"taxonomy":"product_cat","embeddable":true,"href":"https:\/\/ramrolf.lv\/ru\/wp-json\/wp\/v2\/product_cat?post=42120"},{"taxonomy":"product_tag","embeddable":true,"href":"https:\/\/ramrolf.lv\/ru\/wp-json\/wp\/v2\/product_tag?post=42120"}],"curies":[{"name":"wp","href":"https:\/\/api.w.org\/{rel}","templated":true}]}}