{"id":42150,"date":"2018-11-27T18:54:44","date_gmt":"2018-11-27T15:54:44","guid":{"rendered":"http:\/\/www.ramrolf.eu\/product\/lvbuvdarbu-zurnals-a4-spirale-100lpp\/"},"modified":"2018-11-27T18:54:44","modified_gmt":"2018-11-27T15:54:44","slug":"lvbuvdarbu-zurnals-a4-spirale-100lpp","status":"publish","type":"product","link":"https:\/\/ramrolf.lv\/ru\/product\/lvbuvdarbu-zurnals-a4-spirale-100lpp\/","title":{"rendered":"B\u016bvdarbu \u017eurn\u0101ls A4,  spir\u0101l\u0113,  100lpp."},"content":{"rendered":"","protected":false},"excerpt":{"rendered":"<p>Veidlapas<\/p>\n","protected":false},"featured_media":42151,"template":"","meta":[],"product_cat":[472],"product_tag":[],"_links":{"self":[{"href":"https:\/\/ramrolf.lv\/ru\/wp-json\/wp\/v2\/product\/42150"}],"collection":[{"href":"https:\/\/ramrolf.lv\/ru\/wp-json\/wp\/v2\/product"}],"about":[{"href":"https:\/\/ramrolf.lv\/ru\/wp-json\/wp\/v2\/types\/product"}],"wp:featuredmedia":[{"embeddable":true,"href":"https:\/\/ramrolf.lv\/ru\/wp-json\/wp\/v2\/media\/42151"}],"wp:attachment":[{"href":"https:\/\/ramrolf.lv\/ru\/wp-json\/wp\/v2\/media?parent=42150"}],"wp:term":[{"taxonomy":"product_cat","embeddable":true,"href":"https:\/\/ramrolf.lv\/ru\/wp-json\/wp\/v2\/product_cat?post=42150"},{"taxonomy":"product_tag","embeddable":true,"href":"https:\/\/ramrolf.lv\/ru\/wp-json\/wp\/v2\/product_tag?post=42150"}],"curies":[{"name":"wp","href":"https:\/\/api.w.org\/{rel}","templated":true}]}}