{"id":42156,"date":"2018-11-27T18:54:45","date_gmt":"2018-11-27T15:54:45","guid":{"rendered":"http:\/\/www.ramrolf.eu\/product\/lvrikojumu-registracijas-zurnals-a4-48-lapas\/"},"modified":"2018-11-27T18:54:45","modified_gmt":"2018-11-27T15:54:45","slug":"lvrikojumu-registracijas-zurnals-a4-48-lapas","status":"publish","type":"product","link":"https:\/\/ramrolf.lv\/ru\/product\/lvrikojumu-registracijas-zurnals-a4-48-lapas\/","title":{"rendered":"R\u012bkojumu registr\u0101cijas \u017eurn\u0101ls,  A4\/48 lapas"},"content":{"rendered":"","protected":false},"excerpt":{"rendered":"<p>Veidlapas<\/p>\n","protected":false},"featured_media":42157,"template":"","meta":[],"product_cat":[472],"product_tag":[],"_links":{"self":[{"href":"https:\/\/ramrolf.lv\/ru\/wp-json\/wp\/v2\/product\/42156"}],"collection":[{"href":"https:\/\/ramrolf.lv\/ru\/wp-json\/wp\/v2\/product"}],"about":[{"href":"https:\/\/ramrolf.lv\/ru\/wp-json\/wp\/v2\/types\/product"}],"wp:featuredmedia":[{"embeddable":true,"href":"https:\/\/ramrolf.lv\/ru\/wp-json\/wp\/v2\/media\/42157"}],"wp:attachment":[{"href":"https:\/\/ramrolf.lv\/ru\/wp-json\/wp\/v2\/media?parent=42156"}],"wp:term":[{"taxonomy":"product_cat","embeddable":true,"href":"https:\/\/ramrolf.lv\/ru\/wp-json\/wp\/v2\/product_cat?post=42156"},{"taxonomy":"product_tag","embeddable":true,"href":"https:\/\/ramrolf.lv\/ru\/wp-json\/wp\/v2\/product_tag?post=42156"}],"curies":[{"name":"wp","href":"https:\/\/api.w.org\/{rel}","templated":true}]}}