{"id":42185,"date":"2018-11-27T19:11:17","date_gmt":"2018-11-27T16:11:17","guid":{"rendered":"http:\/\/www.ramrolf.eu\/product\/lvarhiva-vaks-forpus-a4\/"},"modified":"2019-01-30T14:07:12","modified_gmt":"2019-01-30T11:07:12","slug":"lvarhiva-vaks-forpus-a4","status":"publish","type":"product","link":"https:\/\/ramrolf.lv\/ru\/product\/lvarhiva-vaks-forpus-a4\/","title":{"rendered":"Arh\u012bva v\u0101ks FORPUS A4"},"content":{"rendered":"","protected":false},"excerpt":{"rendered":"<p>Atvieglotai dokumentu p\u0101rvieto\u0161anai no re\u0123istriem un map\u0113m. Vid\u0113j\u0101 da\u013ca ir atdal\u0101ma un kalpo pap\u012bra bloka nostiprin\u0101\u0161anai. Sastiprin\u0101mo dokumentu maksim\u0101lais biezums \u2013 80 mm. Pamatne no bl\u012bva, bieza kartona nodro\u0161ina nepiecie\u0161amo cietumu arh\u012bva dokumentu pakai.<\/p>\n","protected":false},"featured_media":42186,"template":"","meta":[],"product_cat":[477],"product_tag":[],"_links":{"self":[{"href":"https:\/\/ramrolf.lv\/ru\/wp-json\/wp\/v2\/product\/42185"}],"collection":[{"href":"https:\/\/ramrolf.lv\/ru\/wp-json\/wp\/v2\/product"}],"about":[{"href":"https:\/\/ramrolf.lv\/ru\/wp-json\/wp\/v2\/types\/product"}],"wp:featuredmedia":[{"embeddable":true,"href":"https:\/\/ramrolf.lv\/ru\/wp-json\/wp\/v2\/media\/42186"}],"wp:attachment":[{"href":"https:\/\/ramrolf.lv\/ru\/wp-json\/wp\/v2\/media?parent=42185"}],"wp:term":[{"taxonomy":"product_cat","embeddable":true,"href":"https:\/\/ramrolf.lv\/ru\/wp-json\/wp\/v2\/product_cat?post=42185"},{"taxonomy":"product_tag","embeddable":true,"href":"https:\/\/ramrolf.lv\/ru\/wp-json\/wp\/v2\/product_tag?post=42185"}],"curies":[{"name":"wp","href":"https:\/\/api.w.org\/{rel}","templated":true}]}}