{"id":42187,"date":"2018-11-27T19:11:18","date_gmt":"2018-11-27T16:11:18","guid":{"rendered":"http:\/\/www.ramrolf.eu\/product\/lvvizitkarsu-kastite-durable-matets-aluminijs-sudraba-krasa\/"},"modified":"2021-08-25T16:31:19","modified_gmt":"2021-08-25T13:31:19","slug":"lvvizitkarsu-kastite-durable-matets-aluminijs-sudraba-krasa","status":"publish","type":"product","link":"https:\/\/ramrolf.lv\/ru\/product\/lvvizitkarsu-kastite-durable-matets-aluminijs-sudraba-krasa\/","title":{"rendered":"Viz\u012btkar\u0161u kast\u012bte DURABLE,  mat\u0113ts alum\u012bnijs,  sudraba kr\u0101s\u0101"},"content":{"rendered":"","protected":false},"excerpt":{"rendered":"<p>Viz\u012btkar\u0161u bloki<\/p>\n","protected":false},"featured_media":42188,"template":"","meta":[],"product_cat":[475],"product_tag":[],"_links":{"self":[{"href":"https:\/\/ramrolf.lv\/ru\/wp-json\/wp\/v2\/product\/42187"}],"collection":[{"href":"https:\/\/ramrolf.lv\/ru\/wp-json\/wp\/v2\/product"}],"about":[{"href":"https:\/\/ramrolf.lv\/ru\/wp-json\/wp\/v2\/types\/product"}],"wp:featuredmedia":[{"embeddable":true,"href":"https:\/\/ramrolf.lv\/ru\/wp-json\/wp\/v2\/media\/42188"}],"wp:attachment":[{"href":"https:\/\/ramrolf.lv\/ru\/wp-json\/wp\/v2\/media?parent=42187"}],"wp:term":[{"taxonomy":"product_cat","embeddable":true,"href":"https:\/\/ramrolf.lv\/ru\/wp-json\/wp\/v2\/product_cat?post=42187"},{"taxonomy":"product_tag","embeddable":true,"href":"https:\/\/ramrolf.lv\/ru\/wp-json\/wp\/v2\/product_tag?post=42187"}],"curies":[{"name":"wp","href":"https:\/\/api.w.org\/{rel}","templated":true}]}}