{"id":42190,"date":"2018-11-27T19:11:20","date_gmt":"2018-11-27T16:11:20","guid":{"rendered":"http:\/\/www.ramrolf.eu\/product\/lvmape-multi-s-ar-2-gredzeniem-a5-25mm-d-16mm-dazadas-krasas\/"},"modified":"2021-08-25T16:31:19","modified_gmt":"2021-08-25T13:31:19","slug":"lvmape-multi-s-ar-2-gredzeniem-a5-25mm-d-16mm-dazadas-krasas","status":"publish","type":"product","link":"https:\/\/ramrolf.lv\/ru\/product\/lvmape-multi-s-ar-2-gredzeniem-a5-25mm-d-16mm-dazadas-krasas\/","title":{"rendered":"Mape Multi-S ar 2 gredzeniem, A5\/25mm D-16mm,  daz\u0101das kr\u0101sas"},"content":{"rendered":"","protected":false},"excerpt":{"rendered":"<p>Mapes ar 2 ri\u0146\u0137iem<\/p>\n","protected":false},"featured_media":42191,"template":"","meta":[],"product_cat":[475],"product_tag":[],"_links":{"self":[{"href":"https:\/\/ramrolf.lv\/ru\/wp-json\/wp\/v2\/product\/42190"}],"collection":[{"href":"https:\/\/ramrolf.lv\/ru\/wp-json\/wp\/v2\/product"}],"about":[{"href":"https:\/\/ramrolf.lv\/ru\/wp-json\/wp\/v2\/types\/product"}],"wp:featuredmedia":[{"embeddable":true,"href":"https:\/\/ramrolf.lv\/ru\/wp-json\/wp\/v2\/media\/42191"}],"wp:attachment":[{"href":"https:\/\/ramrolf.lv\/ru\/wp-json\/wp\/v2\/media?parent=42190"}],"wp:term":[{"taxonomy":"product_cat","embeddable":true,"href":"https:\/\/ramrolf.lv\/ru\/wp-json\/wp\/v2\/product_cat?post=42190"},{"taxonomy":"product_tag","embeddable":true,"href":"https:\/\/ramrolf.lv\/ru\/wp-json\/wp\/v2\/product_tag?post=42190"}],"curies":[{"name":"wp","href":"https:\/\/api.w.org\/{rel}","templated":true}]}}