{"id":42207,"date":"2018-11-27T19:11:32","date_gmt":"2018-11-27T16:11:32","guid":{"rendered":"http:\/\/www.ramrolf.eu\/product\/lvmape-ar-pogu-a7-vertikala-caurspidiga\/"},"modified":"2021-08-25T16:31:18","modified_gmt":"2021-08-25T13:31:18","slug":"lvmape-ar-pogu-a7-vertikala-caurspidiga","status":"publish","type":"product","link":"https:\/\/ramrolf.lv\/ru\/product\/lvmape-ar-pogu-a7-vertikala-caurspidiga\/","title":{"rendered":"Mape ar pogu A7,  vertik\u0101la,  caursp\u012bd\u012bga"},"content":{"rendered":"","protected":false},"excerpt":{"rendered":"<p>Mapes ar pogu<\/p>\n","protected":false},"featured_media":42208,"template":"","meta":[],"product_cat":[475],"product_tag":[],"_links":{"self":[{"href":"https:\/\/ramrolf.lv\/ru\/wp-json\/wp\/v2\/product\/42207"}],"collection":[{"href":"https:\/\/ramrolf.lv\/ru\/wp-json\/wp\/v2\/product"}],"about":[{"href":"https:\/\/ramrolf.lv\/ru\/wp-json\/wp\/v2\/types\/product"}],"wp:featuredmedia":[{"embeddable":true,"href":"https:\/\/ramrolf.lv\/ru\/wp-json\/wp\/v2\/media\/42208"}],"wp:attachment":[{"href":"https:\/\/ramrolf.lv\/ru\/wp-json\/wp\/v2\/media?parent=42207"}],"wp:term":[{"taxonomy":"product_cat","embeddable":true,"href":"https:\/\/ramrolf.lv\/ru\/wp-json\/wp\/v2\/product_cat?post=42207"},{"taxonomy":"product_tag","embeddable":true,"href":"https:\/\/ramrolf.lv\/ru\/wp-json\/wp\/v2\/product_tag?post=42207"}],"curies":[{"name":"wp","href":"https:\/\/api.w.org\/{rel}","templated":true}]}}