{"id":42255,"date":"2018-11-27T19:11:57","date_gmt":"2018-11-27T16:11:57","guid":{"rendered":"http:\/\/www.ramrolf.eu\/product\/lvmape-multi-s-ar-2gredzeni-a5-35mm-d-25mm-dazadas-krasas\/"},"modified":"2021-08-25T16:31:18","modified_gmt":"2021-08-25T13:31:18","slug":"lvmape-multi-s-ar-2gredzeni-a5-35mm-d-25mm-dazadas-krasas","status":"publish","type":"product","link":"https:\/\/ramrolf.lv\/ru\/product\/lvmape-multi-s-ar-2gredzeni-a5-35mm-d-25mm-dazadas-krasas\/","title":{"rendered":"Mape Multi-S ar 2gredzeni A5\/35mm D-25mm, da\u017e\u0101das kr\u0101sas"},"content":{"rendered":"","protected":false},"excerpt":{"rendered":"<p>Mapes ar 2 ri\u0146\u0137iem<\/p>\n","protected":false},"featured_media":42256,"template":"","meta":[],"product_cat":[475],"product_tag":[],"_links":{"self":[{"href":"https:\/\/ramrolf.lv\/ru\/wp-json\/wp\/v2\/product\/42255"}],"collection":[{"href":"https:\/\/ramrolf.lv\/ru\/wp-json\/wp\/v2\/product"}],"about":[{"href":"https:\/\/ramrolf.lv\/ru\/wp-json\/wp\/v2\/types\/product"}],"wp:featuredmedia":[{"embeddable":true,"href":"https:\/\/ramrolf.lv\/ru\/wp-json\/wp\/v2\/media\/42256"}],"wp:attachment":[{"href":"https:\/\/ramrolf.lv\/ru\/wp-json\/wp\/v2\/media?parent=42255"}],"wp:term":[{"taxonomy":"product_cat","embeddable":true,"href":"https:\/\/ramrolf.lv\/ru\/wp-json\/wp\/v2\/product_cat?post=42255"},{"taxonomy":"product_tag","embeddable":true,"href":"https:\/\/ramrolf.lv\/ru\/wp-json\/wp\/v2\/product_tag?post=42255"}],"curies":[{"name":"wp","href":"https:\/\/api.w.org\/{rel}","templated":true}]}}