{"id":42263,"date":"2018-11-27T19:12:00","date_gmt":"2018-11-27T16:12:00","guid":{"rendered":"http:\/\/www.ramrolf.eu\/product\/lvarhiva-vaks-a4-ar-apdruku\/"},"modified":"2021-08-25T16:31:18","modified_gmt":"2021-08-25T13:31:18","slug":"lvarhiva-vaks-a4-ar-apdruku","status":"publish","type":"product","link":"https:\/\/ramrolf.lv\/ru\/product\/lvarhiva-vaks-a4-ar-apdruku\/","title":{"rendered":"Arh\u012bva v\u0101ks A4,  ar apdruku"},"content":{"rendered":"","protected":false},"excerpt":{"rendered":"<p>Mapes \u0101tr\u0161uv\u0113ji<\/p>\n","protected":false},"featured_media":42264,"template":"","meta":[],"product_cat":[475],"product_tag":[],"_links":{"self":[{"href":"https:\/\/ramrolf.lv\/ru\/wp-json\/wp\/v2\/product\/42263"}],"collection":[{"href":"https:\/\/ramrolf.lv\/ru\/wp-json\/wp\/v2\/product"}],"about":[{"href":"https:\/\/ramrolf.lv\/ru\/wp-json\/wp\/v2\/types\/product"}],"wp:featuredmedia":[{"embeddable":true,"href":"https:\/\/ramrolf.lv\/ru\/wp-json\/wp\/v2\/media\/42264"}],"wp:attachment":[{"href":"https:\/\/ramrolf.lv\/ru\/wp-json\/wp\/v2\/media?parent=42263"}],"wp:term":[{"taxonomy":"product_cat","embeddable":true,"href":"https:\/\/ramrolf.lv\/ru\/wp-json\/wp\/v2\/product_cat?post=42263"},{"taxonomy":"product_tag","embeddable":true,"href":"https:\/\/ramrolf.lv\/ru\/wp-json\/wp\/v2\/product_tag?post=42263"}],"curies":[{"name":"wp","href":"https:\/\/api.w.org\/{rel}","templated":true}]}}