{"id":42311,"date":"2018-11-27T19:12:14","date_gmt":"2018-11-27T16:12:14","guid":{"rendered":"http:\/\/www.ramrolf.eu\/product\/lvmape-ar-saititem-a4-balta-smlt\/"},"modified":"2021-08-25T16:31:16","modified_gmt":"2021-08-25T13:31:16","slug":"lvmape-ar-saititem-a4-balta-smlt","status":"publish","type":"product","link":"https:\/\/ramrolf.lv\/ru\/product\/lvmape-ar-saititem-a4-balta-smlt\/","title":{"rendered":"Mape ar sait\u012bt\u0113m A4,  balta,  SMLT"},"content":{"rendered":"","protected":false},"excerpt":{"rendered":"<p>Mapes ar sait\u012bt\u0113m<\/p>\n","protected":false},"featured_media":42312,"template":"","meta":[],"product_cat":[475],"product_tag":[],"_links":{"self":[{"href":"https:\/\/ramrolf.lv\/ru\/wp-json\/wp\/v2\/product\/42311"}],"collection":[{"href":"https:\/\/ramrolf.lv\/ru\/wp-json\/wp\/v2\/product"}],"about":[{"href":"https:\/\/ramrolf.lv\/ru\/wp-json\/wp\/v2\/types\/product"}],"wp:featuredmedia":[{"embeddable":true,"href":"https:\/\/ramrolf.lv\/ru\/wp-json\/wp\/v2\/media\/42312"}],"wp:attachment":[{"href":"https:\/\/ramrolf.lv\/ru\/wp-json\/wp\/v2\/media?parent=42311"}],"wp:term":[{"taxonomy":"product_cat","embeddable":true,"href":"https:\/\/ramrolf.lv\/ru\/wp-json\/wp\/v2\/product_cat?post=42311"},{"taxonomy":"product_tag","embeddable":true,"href":"https:\/\/ramrolf.lv\/ru\/wp-json\/wp\/v2\/product_tag?post=42311"}],"curies":[{"name":"wp","href":"https:\/\/api.w.org\/{rel}","templated":true}]}}