{"id":42315,"date":"2018-11-27T19:12:15","date_gmt":"2018-11-27T16:12:15","guid":{"rendered":"http:\/\/www.ramrolf.eu\/product\/lvvizitkarsu-bloks-24-vizitkartem-melns\/"},"modified":"2021-08-25T16:31:16","modified_gmt":"2021-08-25T13:31:16","slug":"lvvizitkarsu-bloks-24-vizitkartem-melns","status":"publish","type":"product","link":"https:\/\/ramrolf.lv\/ru\/product\/lvvizitkarsu-bloks-24-vizitkartem-melns\/","title":{"rendered":"Viz\u012btkar\u0161u bloks 24 viz\u012btkart\u0113m,  melns"},"content":{"rendered":"","protected":false},"excerpt":{"rendered":"<p>Viz\u012btkar\u0161u bloki<\/p>\n","protected":false},"featured_media":42316,"template":"","meta":[],"product_cat":[475],"product_tag":[],"_links":{"self":[{"href":"https:\/\/ramrolf.lv\/ru\/wp-json\/wp\/v2\/product\/42315"}],"collection":[{"href":"https:\/\/ramrolf.lv\/ru\/wp-json\/wp\/v2\/product"}],"about":[{"href":"https:\/\/ramrolf.lv\/ru\/wp-json\/wp\/v2\/types\/product"}],"wp:featuredmedia":[{"embeddable":true,"href":"https:\/\/ramrolf.lv\/ru\/wp-json\/wp\/v2\/media\/42316"}],"wp:attachment":[{"href":"https:\/\/ramrolf.lv\/ru\/wp-json\/wp\/v2\/media?parent=42315"}],"wp:term":[{"taxonomy":"product_cat","embeddable":true,"href":"https:\/\/ramrolf.lv\/ru\/wp-json\/wp\/v2\/product_cat?post=42315"},{"taxonomy":"product_tag","embeddable":true,"href":"https:\/\/ramrolf.lv\/ru\/wp-json\/wp\/v2\/product_tag?post=42315"}],"curies":[{"name":"wp","href":"https:\/\/api.w.org\/{rel}","templated":true}]}}