{"id":42333,"date":"2018-11-27T19:12:21","date_gmt":"2018-11-27T16:12:21","guid":{"rendered":"http:\/\/www.ramrolf.eu\/product\/lvieliktni-dokumentu-iesiesanai-25-gab-sarkana-krasa-suveju-m\/"},"modified":"2019-09-09T17:33:20","modified_gmt":"2019-09-09T14:33:20","slug":"lvieliktni-dokumentu-iesiesanai-25-gab-sarkana-krasa-suveju-m","status":"publish","type":"product","link":"https:\/\/ramrolf.lv\/ru\/product\/lvieliktni-dokumentu-iesiesanai-25-gab-sarkana-krasa-suveju-m\/","title":{"rendered":"Ielikt\u0146i dokumentu iesie\u0161anai 25 gab. sarkana kr\u0101sa \u0161uv\u0113ju m"},"content":{"rendered":"","protected":false},"excerpt":{"rendered":"<p>\u0100tr\u0161uv\u0113ju l\u012bst\u012btes<\/p>\n","protected":false},"featured_media":42334,"template":"","meta":[],"product_cat":[489],"product_tag":[],"_links":{"self":[{"href":"https:\/\/ramrolf.lv\/ru\/wp-json\/wp\/v2\/product\/42333"}],"collection":[{"href":"https:\/\/ramrolf.lv\/ru\/wp-json\/wp\/v2\/product"}],"about":[{"href":"https:\/\/ramrolf.lv\/ru\/wp-json\/wp\/v2\/types\/product"}],"wp:featuredmedia":[{"embeddable":true,"href":"https:\/\/ramrolf.lv\/ru\/wp-json\/wp\/v2\/media\/42334"}],"wp:attachment":[{"href":"https:\/\/ramrolf.lv\/ru\/wp-json\/wp\/v2\/media?parent=42333"}],"wp:term":[{"taxonomy":"product_cat","embeddable":true,"href":"https:\/\/ramrolf.lv\/ru\/wp-json\/wp\/v2\/product_cat?post=42333"},{"taxonomy":"product_tag","embeddable":true,"href":"https:\/\/ramrolf.lv\/ru\/wp-json\/wp\/v2\/product_tag?post=42333"}],"curies":[{"name":"wp","href":"https:\/\/api.w.org\/{rel}","templated":true}]}}