{"id":42345,"date":"2018-11-27T19:12:24","date_gmt":"2018-11-27T16:12:24","guid":{"rendered":"http:\/\/www.ramrolf.eu\/product\/lvmape-forpus-a4-kartona-ar-gumiju-dzeltena\/"},"modified":"2019-01-30T12:25:06","modified_gmt":"2019-01-30T09:25:06","slug":"lvmape-forpus-a4-kartona-ar-gumiju-dzeltena","status":"publish","type":"product","link":"https:\/\/ramrolf.lv\/ru\/product\/lvmape-forpus-a4-kartona-ar-gumiju-dzeltena\/","title":{"rendered":"Mape FORPUS A4 kartona ar gumiju dzeltena"},"content":{"rendered":"","protected":false},"excerpt":{"rendered":"<p>Klasiska mape no bl\u012bva augstas kvalit\u0101tes kartona ar trim platiem iek\u0161\u0113jiem piespied\u0113jiem. St\u016bros aiztais\u0101ma ar div\u0101m elast\u012bg\u0101m gumij\u0101m. Lieliska ietilp\u012bba \u2013 l\u012bdz 300 standarta lap\u0101m. Skaistas, pies\u0101tin\u0101tas kr\u0101sas ar neuzkr\u012bto\u0161u marmora rakstu. Main\u0101ms mapes biezums no 5mm l\u012bdz 3.5 cm.<\/p>\n","protected":false},"featured_media":42346,"template":"","meta":[],"product_cat":[487],"product_tag":[],"_links":{"self":[{"href":"https:\/\/ramrolf.lv\/ru\/wp-json\/wp\/v2\/product\/42345"}],"collection":[{"href":"https:\/\/ramrolf.lv\/ru\/wp-json\/wp\/v2\/product"}],"about":[{"href":"https:\/\/ramrolf.lv\/ru\/wp-json\/wp\/v2\/types\/product"}],"wp:featuredmedia":[{"embeddable":true,"href":"https:\/\/ramrolf.lv\/ru\/wp-json\/wp\/v2\/media\/42346"}],"wp:attachment":[{"href":"https:\/\/ramrolf.lv\/ru\/wp-json\/wp\/v2\/media?parent=42345"}],"wp:term":[{"taxonomy":"product_cat","embeddable":true,"href":"https:\/\/ramrolf.lv\/ru\/wp-json\/wp\/v2\/product_cat?post=42345"},{"taxonomy":"product_tag","embeddable":true,"href":"https:\/\/ramrolf.lv\/ru\/wp-json\/wp\/v2\/product_tag?post=42345"}],"curies":[{"name":"wp","href":"https:\/\/api.w.org\/{rel}","templated":true}]}}