{"id":42349,"date":"2018-11-27T19:12:25","date_gmt":"2018-11-27T16:12:25","guid":{"rendered":"http:\/\/www.ramrolf.eu\/product\/lvapvaki-iesiesanai-a4-200mic-caurspidigas-forpus\/"},"modified":"2019-03-20T10:47:52","modified_gmt":"2019-03-20T07:47:52","slug":"lvapvaki-iesiesanai-a4-200mic-caurspidigas-forpus","status":"publish","type":"product","link":"https:\/\/ramrolf.lv\/ru\/product\/lvapvaki-iesiesanai-a4-200mic-caurspidigas-forpus\/","title":{"rendered":"Apv\u0101ki iesie\u0161anai A4\/200mic caursp\u012bd\u012bgas FORPUS"},"content":{"rendered":"","protected":false},"excerpt":{"rendered":"<p>Caursp\u012bd\u012bgie apv\u0101ki<\/p>\n","protected":false},"featured_media":47843,"template":"","meta":[],"product_cat":[486],"product_tag":[],"_links":{"self":[{"href":"https:\/\/ramrolf.lv\/ru\/wp-json\/wp\/v2\/product\/42349"}],"collection":[{"href":"https:\/\/ramrolf.lv\/ru\/wp-json\/wp\/v2\/product"}],"about":[{"href":"https:\/\/ramrolf.lv\/ru\/wp-json\/wp\/v2\/types\/product"}],"wp:featuredmedia":[{"embeddable":true,"href":"https:\/\/ramrolf.lv\/ru\/wp-json\/wp\/v2\/media\/47843"}],"wp:attachment":[{"href":"https:\/\/ramrolf.lv\/ru\/wp-json\/wp\/v2\/media?parent=42349"}],"wp:term":[{"taxonomy":"product_cat","embeddable":true,"href":"https:\/\/ramrolf.lv\/ru\/wp-json\/wp\/v2\/product_cat?post=42349"},{"taxonomy":"product_tag","embeddable":true,"href":"https:\/\/ramrolf.lv\/ru\/wp-json\/wp\/v2\/product_tag?post=42349"}],"curies":[{"name":"wp","href":"https:\/\/api.w.org\/{rel}","templated":true}]}}