{"id":42487,"date":"2018-11-27T19:13:00","date_gmt":"2018-11-27T16:13:00","guid":{"rendered":"http:\/\/www.ramrolf.eu\/product\/lvarhiva-klipsis-100gab-fellowes-balts\/"},"modified":"2019-01-30T14:04:41","modified_gmt":"2019-01-30T11:04:41","slug":"lvarhiva-klipsis-100gab-fellowes-balts","status":"publish","type":"product","link":"https:\/\/ramrolf.lv\/ru\/product\/lvarhiva-klipsis-100gab-fellowes-balts\/","title":{"rendered":"Arh\u012bva klipsis 100gab. FELLOWES,  balts"},"content":{"rendered":"","protected":false},"excerpt":{"rendered":"<p>arh\u012bva klip\u0161i<\/p>\n","protected":false},"featured_media":42488,"template":"","meta":[],"product_cat":[477],"product_tag":[],"_links":{"self":[{"href":"https:\/\/ramrolf.lv\/ru\/wp-json\/wp\/v2\/product\/42487"}],"collection":[{"href":"https:\/\/ramrolf.lv\/ru\/wp-json\/wp\/v2\/product"}],"about":[{"href":"https:\/\/ramrolf.lv\/ru\/wp-json\/wp\/v2\/types\/product"}],"wp:featuredmedia":[{"embeddable":true,"href":"https:\/\/ramrolf.lv\/ru\/wp-json\/wp\/v2\/media\/42488"}],"wp:attachment":[{"href":"https:\/\/ramrolf.lv\/ru\/wp-json\/wp\/v2\/media?parent=42487"}],"wp:term":[{"taxonomy":"product_cat","embeddable":true,"href":"https:\/\/ramrolf.lv\/ru\/wp-json\/wp\/v2\/product_cat?post=42487"},{"taxonomy":"product_tag","embeddable":true,"href":"https:\/\/ramrolf.lv\/ru\/wp-json\/wp\/v2\/product_tag?post=42487"}],"curies":[{"name":"wp","href":"https:\/\/api.w.org\/{rel}","templated":true}]}}