{"id":42519,"date":"2018-11-27T19:13:09","date_gmt":"2018-11-27T16:13:09","guid":{"rendered":"http:\/\/www.ramrolf.eu\/product\/lvmape-forpus-ar-piespiedeju-a4-sarkana\/"},"modified":"2019-02-20T17:02:59","modified_gmt":"2019-02-20T14:02:59","slug":"lvmape-forpus-ar-piespiedeju-a4-sarkana","status":"publish","type":"product","link":"https:\/\/ramrolf.lv\/ru\/product\/lvmape-forpus-ar-piespiedeju-a4-sarkana\/","title":{"rendered":"Mape FORPUS ar piespied\u0113ju A4 sarkana"},"content":{"rendered":"","protected":false},"excerpt":{"rendered":"<p>V\u0101ka materi\u0101ls \u2013 augstas kvalit\u0101tes, taustei pat\u012bkama, mat\u0113ta, necaursp\u012bd\u012bga plastmasa. <\/p>\n","protected":false},"featured_media":42520,"template":"","meta":[],"product_cat":[485],"product_tag":[],"_links":{"self":[{"href":"https:\/\/ramrolf.lv\/ru\/wp-json\/wp\/v2\/product\/42519"}],"collection":[{"href":"https:\/\/ramrolf.lv\/ru\/wp-json\/wp\/v2\/product"}],"about":[{"href":"https:\/\/ramrolf.lv\/ru\/wp-json\/wp\/v2\/types\/product"}],"wp:featuredmedia":[{"embeddable":true,"href":"https:\/\/ramrolf.lv\/ru\/wp-json\/wp\/v2\/media\/42520"}],"wp:attachment":[{"href":"https:\/\/ramrolf.lv\/ru\/wp-json\/wp\/v2\/media?parent=42519"}],"wp:term":[{"taxonomy":"product_cat","embeddable":true,"href":"https:\/\/ramrolf.lv\/ru\/wp-json\/wp\/v2\/product_cat?post=42519"},{"taxonomy":"product_tag","embeddable":true,"href":"https:\/\/ramrolf.lv\/ru\/wp-json\/wp\/v2\/product_tag?post=42519"}],"curies":[{"name":"wp","href":"https:\/\/api.w.org\/{rel}","templated":true}]}}