{"id":42659,"date":"2018-11-27T19:13:49","date_gmt":"2018-11-27T16:13:49","guid":{"rendered":"http:\/\/www.ramrolf.eu\/product\/lvmape-ar-gumiju-a4-caurspidiga-dzeltena-forpus\/"},"modified":"2019-01-30T11:45:37","modified_gmt":"2019-01-30T08:45:37","slug":"lvmape-ar-gumiju-a4-caurspidiga-dzeltena-forpus","status":"publish","type":"product","link":"https:\/\/ramrolf.lv\/ru\/product\/lvmape-ar-gumiju-a4-caurspidiga-dzeltena-forpus\/","title":{"rendered":"Mape ar gumiju A4 caursp\u012bd\u012bga dzeltena,  Forpus"},"content":{"rendered":"","protected":false},"excerpt":{"rendered":"<p>Skaista, ietilp\u012bga mape. Cie\u0161i aizverama ar apa\u013c\u0101j\u0101m gumij\u0101m st\u016br\u012b\u0161os. Izgatavota no puscaursp\u012bd\u012bgas, taustei pat\u012bkamas, mat\u0113tas plastmasas. Tr\u012bs plati fiks\u0113t\u0101ji dro\u0161i nostiprina dokumentus. Muguri\u0146as biezums 10mm.<\/p>\n","protected":false},"featured_media":42660,"template":"","meta":[],"product_cat":[487],"product_tag":[],"_links":{"self":[{"href":"https:\/\/ramrolf.lv\/ru\/wp-json\/wp\/v2\/product\/42659"}],"collection":[{"href":"https:\/\/ramrolf.lv\/ru\/wp-json\/wp\/v2\/product"}],"about":[{"href":"https:\/\/ramrolf.lv\/ru\/wp-json\/wp\/v2\/types\/product"}],"wp:featuredmedia":[{"embeddable":true,"href":"https:\/\/ramrolf.lv\/ru\/wp-json\/wp\/v2\/media\/42660"}],"wp:attachment":[{"href":"https:\/\/ramrolf.lv\/ru\/wp-json\/wp\/v2\/media?parent=42659"}],"wp:term":[{"taxonomy":"product_cat","embeddable":true,"href":"https:\/\/ramrolf.lv\/ru\/wp-json\/wp\/v2\/product_cat?post=42659"},{"taxonomy":"product_tag","embeddable":true,"href":"https:\/\/ramrolf.lv\/ru\/wp-json\/wp\/v2\/product_tag?post=42659"}],"curies":[{"name":"wp","href":"https:\/\/api.w.org\/{rel}","templated":true}]}}