{"id":42721,"date":"2018-11-27T19:14:07","date_gmt":"2018-11-27T16:14:07","guid":{"rendered":"http:\/\/www.ramrolf.eu\/product\/lvkabatas-a4-atveras-no-sana-75mkr-matetas-100gab-esselte\/"},"modified":"2019-01-30T11:37:09","modified_gmt":"2019-01-30T08:37:09","slug":"lvkabatas-a4-atveras-no-sana-75mkr-matetas-100gab-esselte","status":"publish","type":"product","link":"https:\/\/ramrolf.lv\/ru\/product\/lvkabatas-a4-atveras-no-sana-75mkr-matetas-100gab-esselte\/","title":{"rendered":"Kabatas A4,  atveras no s\u0101na,  75mkr,  mat\u0113tas, 100gab.ESSELTE"},"content":{"rendered":"","protected":false},"excerpt":{"rendered":"<p>Kabati\u0146as dokumentiem<\/p>\n","protected":false},"featured_media":42722,"template":"","meta":[],"product_cat":[482],"product_tag":[],"_links":{"self":[{"href":"https:\/\/ramrolf.lv\/ru\/wp-json\/wp\/v2\/product\/42721"}],"collection":[{"href":"https:\/\/ramrolf.lv\/ru\/wp-json\/wp\/v2\/product"}],"about":[{"href":"https:\/\/ramrolf.lv\/ru\/wp-json\/wp\/v2\/types\/product"}],"wp:featuredmedia":[{"embeddable":true,"href":"https:\/\/ramrolf.lv\/ru\/wp-json\/wp\/v2\/media\/42722"}],"wp:attachment":[{"href":"https:\/\/ramrolf.lv\/ru\/wp-json\/wp\/v2\/media?parent=42721"}],"wp:term":[{"taxonomy":"product_cat","embeddable":true,"href":"https:\/\/ramrolf.lv\/ru\/wp-json\/wp\/v2\/product_cat?post=42721"},{"taxonomy":"product_tag","embeddable":true,"href":"https:\/\/ramrolf.lv\/ru\/wp-json\/wp\/v2\/product_tag?post=42721"}],"curies":[{"name":"wp","href":"https:\/\/api.w.org\/{rel}","templated":true}]}}