{"id":42753,"date":"2018-11-27T19:14:17","date_gmt":"2018-11-27T16:14:17","guid":{"rendered":"http:\/\/www.ramrolf.eu\/product\/lvsledzenes-9-12mm-caurspidigi-50gab-relido-fellowes\/"},"modified":"2018-12-20T16:46:00","modified_gmt":"2018-12-20T13:46:00","slug":"lvsledzenes-9-12mm-caurspidigi-50gab-relido-fellowes","status":"publish","type":"product","link":"https:\/\/ramrolf.lv\/ru\/product\/lvsledzenes-9-12mm-caurspidigi-50gab-relido-fellowes\/","title":{"rendered":"Sl\u0113dzenes,  9-12mm,  caursp\u012bd\u012bgi,  50gab. Relido FELLOWES"},"content":{"rendered":"","protected":false},"excerpt":{"rendered":"<p>Sl\u0113dzenes un v\u0101ki<\/p>\n","protected":false},"featured_media":42754,"template":"","meta":[],"product_cat":[485],"product_tag":[],"_links":{"self":[{"href":"https:\/\/ramrolf.lv\/ru\/wp-json\/wp\/v2\/product\/42753"}],"collection":[{"href":"https:\/\/ramrolf.lv\/ru\/wp-json\/wp\/v2\/product"}],"about":[{"href":"https:\/\/ramrolf.lv\/ru\/wp-json\/wp\/v2\/types\/product"}],"wp:featuredmedia":[{"embeddable":true,"href":"https:\/\/ramrolf.lv\/ru\/wp-json\/wp\/v2\/media\/42754"}],"wp:attachment":[{"href":"https:\/\/ramrolf.lv\/ru\/wp-json\/wp\/v2\/media?parent=42753"}],"wp:term":[{"taxonomy":"product_cat","embeddable":true,"href":"https:\/\/ramrolf.lv\/ru\/wp-json\/wp\/v2\/product_cat?post=42753"},{"taxonomy":"product_tag","embeddable":true,"href":"https:\/\/ramrolf.lv\/ru\/wp-json\/wp\/v2\/product_tag?post=42753"}],"curies":[{"name":"wp","href":"https:\/\/api.w.org\/{rel}","templated":true}]}}