{"id":42769,"date":"2018-11-27T19:14:22","date_gmt":"2018-11-27T16:14:22","guid":{"rendered":"http:\/\/www.ramrolf.eu\/product\/lvapvaki-iesiesanai-fellowes-delta-a4-250g-m2-tumsi-zila-krasa\/"},"modified":"2018-11-27T19:14:22","modified_gmt":"2018-11-27T16:14:22","slug":"lvapvaki-iesiesanai-fellowes-delta-a4-250g-m2-tumsi-zila-krasa","status":"publish","type":"product","link":"https:\/\/ramrolf.lv\/ru\/product\/lvapvaki-iesiesanai-fellowes-delta-a4-250g-m2-tumsi-zila-krasa\/","title":{"rendered":"Apv\u0101ki iesie\u0161anai FELLOWES Delta A4 250g\/m2 tum\u0161i zila kr\u0101sa"},"content":{"rendered":"","protected":false},"excerpt":{"rendered":"<p>Kartona apv\u0101ki<\/p>\n","protected":false},"featured_media":42770,"template":"","meta":[],"product_cat":[486],"product_tag":[],"_links":{"self":[{"href":"https:\/\/ramrolf.lv\/ru\/wp-json\/wp\/v2\/product\/42769"}],"collection":[{"href":"https:\/\/ramrolf.lv\/ru\/wp-json\/wp\/v2\/product"}],"about":[{"href":"https:\/\/ramrolf.lv\/ru\/wp-json\/wp\/v2\/types\/product"}],"wp:featuredmedia":[{"embeddable":true,"href":"https:\/\/ramrolf.lv\/ru\/wp-json\/wp\/v2\/media\/42770"}],"wp:attachment":[{"href":"https:\/\/ramrolf.lv\/ru\/wp-json\/wp\/v2\/media?parent=42769"}],"wp:term":[{"taxonomy":"product_cat","embeddable":true,"href":"https:\/\/ramrolf.lv\/ru\/wp-json\/wp\/v2\/product_cat?post=42769"},{"taxonomy":"product_tag","embeddable":true,"href":"https:\/\/ramrolf.lv\/ru\/wp-json\/wp\/v2\/product_tag?post=42769"}],"curies":[{"name":"wp","href":"https:\/\/api.w.org\/{rel}","templated":true}]}}