{"id":42893,"date":"2018-11-27T19:14:59","date_gmt":"2018-11-27T16:14:59","guid":{"rendered":"http:\/\/www.ramrolf.eu\/product\/lvmape-ar-gumiju-a4-zila-forpus\/"},"modified":"2019-01-30T11:52:38","modified_gmt":"2019-01-30T08:52:38","slug":"lvmape-ar-gumiju-a4-zila-forpus","status":"publish","type":"product","link":"https:\/\/ramrolf.lv\/ru\/product\/lvmape-ar-gumiju-a4-zila-forpus\/","title":{"rendered":"Mape ar gumiju A4 zila,  FORPUS"},"content":{"rendered":"","protected":false},"excerpt":{"rendered":"<p>Praktiska, nodilumiztur\u012bga mape no iztur\u012bgas, pl\u0101nas, necaursp\u012bd\u012bgas plastmasas ar trim platiem iek\u0161\u0113jiem fiks\u0113t\u0101jiem. St\u016bros cie\u0161i aiztais\u0101ma ar apa\u013caj\u0101m gumij\u0101m. Ietilpst l\u012bdz 150 standarta lap\u0101m.<\/p>\n","protected":false},"featured_media":42894,"template":"","meta":[],"product_cat":[487],"product_tag":[],"_links":{"self":[{"href":"https:\/\/ramrolf.lv\/ru\/wp-json\/wp\/v2\/product\/42893"}],"collection":[{"href":"https:\/\/ramrolf.lv\/ru\/wp-json\/wp\/v2\/product"}],"about":[{"href":"https:\/\/ramrolf.lv\/ru\/wp-json\/wp\/v2\/types\/product"}],"wp:featuredmedia":[{"embeddable":true,"href":"https:\/\/ramrolf.lv\/ru\/wp-json\/wp\/v2\/media\/42894"}],"wp:attachment":[{"href":"https:\/\/ramrolf.lv\/ru\/wp-json\/wp\/v2\/media?parent=42893"}],"wp:term":[{"taxonomy":"product_cat","embeddable":true,"href":"https:\/\/ramrolf.lv\/ru\/wp-json\/wp\/v2\/product_cat?post=42893"},{"taxonomy":"product_tag","embeddable":true,"href":"https:\/\/ramrolf.lv\/ru\/wp-json\/wp\/v2\/product_tag?post=42893"}],"curies":[{"name":"wp","href":"https:\/\/api.w.org\/{rel}","templated":true}]}}