{"id":42969,"date":"2018-11-27T19:15:22","date_gmt":"2018-11-27T16:15:22","guid":{"rendered":"http:\/\/www.ramrolf.eu\/product\/lvmape-ar-piespiedeju-a4-caurspidiga-forpus\/"},"modified":"2019-02-20T16:56:35","modified_gmt":"2019-02-20T13:56:35","slug":"lvmape-ar-piespiedeju-a4-caurspidiga-forpus","status":"publish","type":"product","link":"https:\/\/ramrolf.lv\/ru\/product\/lvmape-ar-piespiedeju-a4-caurspidiga-forpus\/","title":{"rendered":"Mape ar piespied\u0113ju A4 caursp\u012bd\u012bga,  Forpus"},"content":{"rendered":"","protected":false},"excerpt":{"rendered":"<p>Mape no skaistas, caursp\u012bd\u012bgas, rievotas plastmasas. Augstas kvalit\u0101tes piespied\u0113jmeh\u0101nisms. Liela divpus\u0113ja kabata ar eti\u0137eti mar\u0137\u0113jumam. Muguri\u0146as platums \u2013 2 cm. Virs\u0113j\u0101 v\u0101ka iek\u0161pus\u0113 liela, caursp\u012bd\u012bga plastmasas kabata ar viz\u012btkartes lieluma atv\u0113rumu.<\/p>\n","protected":false},"featured_media":42970,"template":"","meta":[],"product_cat":[485],"product_tag":[],"_links":{"self":[{"href":"https:\/\/ramrolf.lv\/ru\/wp-json\/wp\/v2\/product\/42969"}],"collection":[{"href":"https:\/\/ramrolf.lv\/ru\/wp-json\/wp\/v2\/product"}],"about":[{"href":"https:\/\/ramrolf.lv\/ru\/wp-json\/wp\/v2\/types\/product"}],"wp:featuredmedia":[{"embeddable":true,"href":"https:\/\/ramrolf.lv\/ru\/wp-json\/wp\/v2\/media\/42970"}],"wp:attachment":[{"href":"https:\/\/ramrolf.lv\/ru\/wp-json\/wp\/v2\/media?parent=42969"}],"wp:term":[{"taxonomy":"product_cat","embeddable":true,"href":"https:\/\/ramrolf.lv\/ru\/wp-json\/wp\/v2\/product_cat?post=42969"},{"taxonomy":"product_tag","embeddable":true,"href":"https:\/\/ramrolf.lv\/ru\/wp-json\/wp\/v2\/product_tag?post=42969"}],"curies":[{"name":"wp","href":"https:\/\/api.w.org\/{rel}","templated":true}]}}