{"id":43204,"date":"2018-11-27T19:16:38","date_gmt":"2018-11-27T16:16:38","guid":{"rendered":"http:\/\/www.ramrolf.eu\/product\/lvmape-sturitis-forpus-a4-dzeltens-glancets-180mic\/"},"modified":"2019-02-27T10:30:52","modified_gmt":"2019-02-27T07:30:52","slug":"mape-sturitis-dokumentiem-a4-180mkm-dzeltena-caurspidiga-mateta","status":"publish","type":"product","link":"https:\/\/ramrolf.lv\/ru\/product\/mape-sturitis-dokumentiem-a4-180mkm-dzeltena-caurspidiga-mateta\/","title":{"rendered":"Mape-st\u016br\u012btis dokumentiem A4 180mkm dzeltena\/caursp\u012bd\u012bga, mat\u0113ta"},"content":{"rendered":"","protected":false},"excerpt":{"rendered":"<p>Mape st\u016br\u012btis<\/p>\n","protected":false},"featured_media":47350,"template":"","meta":[],"product_cat":[944],"product_tag":[],"_links":{"self":[{"href":"https:\/\/ramrolf.lv\/ru\/wp-json\/wp\/v2\/product\/43204"}],"collection":[{"href":"https:\/\/ramrolf.lv\/ru\/wp-json\/wp\/v2\/product"}],"about":[{"href":"https:\/\/ramrolf.lv\/ru\/wp-json\/wp\/v2\/types\/product"}],"wp:featuredmedia":[{"embeddable":true,"href":"https:\/\/ramrolf.lv\/ru\/wp-json\/wp\/v2\/media\/47350"}],"wp:attachment":[{"href":"https:\/\/ramrolf.lv\/ru\/wp-json\/wp\/v2\/media?parent=43204"}],"wp:term":[{"taxonomy":"product_cat","embeddable":true,"href":"https:\/\/ramrolf.lv\/ru\/wp-json\/wp\/v2\/product_cat?post=43204"},{"taxonomy":"product_tag","embeddable":true,"href":"https:\/\/ramrolf.lv\/ru\/wp-json\/wp\/v2\/product_tag?post=43204"}],"curies":[{"name":"wp","href":"https:\/\/api.w.org\/{rel}","templated":true}]}}