{"id":43474,"date":"2018-11-27T19:18:02","date_gmt":"2018-11-27T16:18:02","guid":{"rendered":"http:\/\/www.ramrolf.eu\/product\/lvarhiva-karba-a4-100mm-fellowes-no-bruna-gofreta-kartona\/"},"modified":"2019-01-30T14:03:40","modified_gmt":"2019-01-30T11:03:40","slug":"lvarhiva-karba-a4-100mm-fellowes-no-bruna-gofreta-kartona","status":"publish","type":"product","link":"https:\/\/ramrolf.lv\/ru\/product\/lvarhiva-karba-a4-100mm-fellowes-no-bruna-gofreta-kartona\/","title":{"rendered":"Arh\u012bva k\u0101rba A4\/100mm Fellowes,  no br\u016bna gofr\u0113ta kartona"},"content":{"rendered":"","protected":false},"excerpt":{"rendered":"<p>arh\u012bva boksi un kastes<\/p>\n","protected":false},"featured_media":43475,"template":"","meta":[],"product_cat":[477],"product_tag":[],"_links":{"self":[{"href":"https:\/\/ramrolf.lv\/ru\/wp-json\/wp\/v2\/product\/43474"}],"collection":[{"href":"https:\/\/ramrolf.lv\/ru\/wp-json\/wp\/v2\/product"}],"about":[{"href":"https:\/\/ramrolf.lv\/ru\/wp-json\/wp\/v2\/types\/product"}],"wp:featuredmedia":[{"embeddable":true,"href":"https:\/\/ramrolf.lv\/ru\/wp-json\/wp\/v2\/media\/43475"}],"wp:attachment":[{"href":"https:\/\/ramrolf.lv\/ru\/wp-json\/wp\/v2\/media?parent=43474"}],"wp:term":[{"taxonomy":"product_cat","embeddable":true,"href":"https:\/\/ramrolf.lv\/ru\/wp-json\/wp\/v2\/product_cat?post=43474"},{"taxonomy":"product_tag","embeddable":true,"href":"https:\/\/ramrolf.lv\/ru\/wp-json\/wp\/v2\/product_tag?post=43474"}],"curies":[{"name":"wp","href":"https:\/\/api.w.org\/{rel}","templated":true}]}}