{"id":43526,"date":"2018-11-27T19:18:19","date_gmt":"2018-11-27T16:18:19","guid":{"rendered":"http:\/\/www.ramrolf.eu\/product\/lvregistrs-a4-70mm-oranza-forpus\/"},"modified":"2019-02-19T13:31:07","modified_gmt":"2019-02-19T10:31:07","slug":"lvregistrs-a4-70mm-oranza-forpus","status":"publish","type":"product","link":"https:\/\/ramrolf.lv\/ru\/product\/lvregistrs-a4-70mm-oranza-forpus\/","title":{"rendered":"Re\u0123istrs A4 70mm,  oran\u017ea,  FORPUS"},"content":{"rendered":"","protected":false},"excerpt":{"rendered":"<p>Re\u0123istri A4\/75 mm<\/p>\n","protected":false},"featured_media":43527,"template":"","meta":[],"product_cat":[493],"product_tag":[],"_links":{"self":[{"href":"https:\/\/ramrolf.lv\/ru\/wp-json\/wp\/v2\/product\/43526"}],"collection":[{"href":"https:\/\/ramrolf.lv\/ru\/wp-json\/wp\/v2\/product"}],"about":[{"href":"https:\/\/ramrolf.lv\/ru\/wp-json\/wp\/v2\/types\/product"}],"wp:featuredmedia":[{"embeddable":true,"href":"https:\/\/ramrolf.lv\/ru\/wp-json\/wp\/v2\/media\/43527"}],"wp:attachment":[{"href":"https:\/\/ramrolf.lv\/ru\/wp-json\/wp\/v2\/media?parent=43526"}],"wp:term":[{"taxonomy":"product_cat","embeddable":true,"href":"https:\/\/ramrolf.lv\/ru\/wp-json\/wp\/v2\/product_cat?post=43526"},{"taxonomy":"product_tag","embeddable":true,"href":"https:\/\/ramrolf.lv\/ru\/wp-json\/wp\/v2\/product_tag?post=43526"}],"curies":[{"name":"wp","href":"https:\/\/api.w.org\/{rel}","templated":true}]}}