{"id":43558,"date":"2018-11-27T19:18:32","date_gmt":"2018-11-27T16:18:32","guid":{"rendered":"http:\/\/www.ramrolf.eu\/product\/lvarhivu-konteiners-karbam-fellowes-378x287x545mm\/"},"modified":"2019-01-30T14:04:58","modified_gmt":"2019-01-30T11:04:58","slug":"lvarhivu-konteiners-karbam-fellowes-378x287x545mm","status":"publish","type":"product","link":"https:\/\/ramrolf.lv\/ru\/product\/lvarhivu-konteiners-karbam-fellowes-378x287x545mm\/","title":{"rendered":"Arh\u012bvu konteiners k\u0101rb\u0101m FELLOWES 378x287x545mm"},"content":{"rendered":"","protected":false},"excerpt":{"rendered":"<p>arh\u012bva boksi un kastes<\/p>\n","protected":false},"featured_media":43559,"template":"","meta":[],"product_cat":[477],"product_tag":[],"_links":{"self":[{"href":"https:\/\/ramrolf.lv\/ru\/wp-json\/wp\/v2\/product\/43558"}],"collection":[{"href":"https:\/\/ramrolf.lv\/ru\/wp-json\/wp\/v2\/product"}],"about":[{"href":"https:\/\/ramrolf.lv\/ru\/wp-json\/wp\/v2\/types\/product"}],"wp:featuredmedia":[{"embeddable":true,"href":"https:\/\/ramrolf.lv\/ru\/wp-json\/wp\/v2\/media\/43559"}],"wp:attachment":[{"href":"https:\/\/ramrolf.lv\/ru\/wp-json\/wp\/v2\/media?parent=43558"}],"wp:term":[{"taxonomy":"product_cat","embeddable":true,"href":"https:\/\/ramrolf.lv\/ru\/wp-json\/wp\/v2\/product_cat?post=43558"},{"taxonomy":"product_tag","embeddable":true,"href":"https:\/\/ramrolf.lv\/ru\/wp-json\/wp\/v2\/product_tag?post=43558"}],"curies":[{"name":"wp","href":"https:\/\/api.w.org\/{rel}","templated":true}]}}