{"id":43626,"date":"2018-11-27T19:18:57","date_gmt":"2018-11-27T16:18:57","guid":{"rendered":"http:\/\/www.ramrolf.eu\/product\/lvregistrs-a4-70mm-violets\/"},"modified":"2019-02-19T13:37:31","modified_gmt":"2019-02-19T10:37:31","slug":"lvregistrs-a4-70mm-violets","status":"publish","type":"product","link":"https:\/\/ramrolf.lv\/ru\/product\/lvregistrs-a4-70mm-violets\/","title":{"rendered":"Re\u0123istrs A4 70mm,  viol\u0113ts"},"content":{"rendered":"","protected":false},"excerpt":{"rendered":"<p>Mape re\u0123istrs izgatavots no videi nekait\u012bga PP materi\u0101la, apak\u0161\u0113j\u0101 mala ar met\u0101la apmali. Mapei uz muguras ir kabata ar main\u0101mu eti\u0137eti. <\/p>\n","protected":false},"featured_media":43627,"template":"","meta":[],"product_cat":[493],"product_tag":[],"_links":{"self":[{"href":"https:\/\/ramrolf.lv\/ru\/wp-json\/wp\/v2\/product\/43626"}],"collection":[{"href":"https:\/\/ramrolf.lv\/ru\/wp-json\/wp\/v2\/product"}],"about":[{"href":"https:\/\/ramrolf.lv\/ru\/wp-json\/wp\/v2\/types\/product"}],"wp:featuredmedia":[{"embeddable":true,"href":"https:\/\/ramrolf.lv\/ru\/wp-json\/wp\/v2\/media\/43627"}],"wp:attachment":[{"href":"https:\/\/ramrolf.lv\/ru\/wp-json\/wp\/v2\/media?parent=43626"}],"wp:term":[{"taxonomy":"product_cat","embeddable":true,"href":"https:\/\/ramrolf.lv\/ru\/wp-json\/wp\/v2\/product_cat?post=43626"},{"taxonomy":"product_tag","embeddable":true,"href":"https:\/\/ramrolf.lv\/ru\/wp-json\/wp\/v2\/product_tag?post=43626"}],"curies":[{"name":"wp","href":"https:\/\/api.w.org\/{rel}","templated":true}]}}