{"id":43686,"date":"2018-11-27T19:19:20","date_gmt":"2018-11-27T16:19:20","guid":{"rendered":"http:\/\/www.ramrolf.eu\/product\/lvmape-ar-gumiju-a4-30mm-zila-forpus\/"},"modified":"2019-01-30T12:07:35","modified_gmt":"2019-01-30T09:07:35","slug":"lvmape-ar-gumiju-a4-30mm-zila-forpus","status":"publish","type":"product","link":"https:\/\/ramrolf.lv\/ru\/product\/lvmape-ar-gumiju-a4-30mm-zila-forpus\/","title":{"rendered":"Mape ar gumiju A4\/30mm zila,  Forpus"},"content":{"rendered":"","protected":false},"excerpt":{"rendered":"<p>Ietilp\u012bga, saliekama plastmasas k\u0101rba liela dokumentu daudzuma transport\u0113\u0161anai un glab\u0101\u0161anai. Mapes platums 30 mm, ar trim iek\u0161\u0113jiem fiks\u0113t\u0101jiem, st\u016bros cie\u0161i aiztais\u0101ma ar apa\u013caj\u0101m gumij\u0101m. <\/p>\n","protected":false},"featured_media":43687,"template":"","meta":[],"product_cat":[487],"product_tag":[],"_links":{"self":[{"href":"https:\/\/ramrolf.lv\/ru\/wp-json\/wp\/v2\/product\/43686"}],"collection":[{"href":"https:\/\/ramrolf.lv\/ru\/wp-json\/wp\/v2\/product"}],"about":[{"href":"https:\/\/ramrolf.lv\/ru\/wp-json\/wp\/v2\/types\/product"}],"wp:featuredmedia":[{"embeddable":true,"href":"https:\/\/ramrolf.lv\/ru\/wp-json\/wp\/v2\/media\/43687"}],"wp:attachment":[{"href":"https:\/\/ramrolf.lv\/ru\/wp-json\/wp\/v2\/media?parent=43686"}],"wp:term":[{"taxonomy":"product_cat","embeddable":true,"href":"https:\/\/ramrolf.lv\/ru\/wp-json\/wp\/v2\/product_cat?post=43686"},{"taxonomy":"product_tag","embeddable":true,"href":"https:\/\/ramrolf.lv\/ru\/wp-json\/wp\/v2\/product_tag?post=43686"}],"curies":[{"name":"wp","href":"https:\/\/api.w.org\/{rel}","templated":true}]}}