{"id":44135,"date":"2018-11-27T19:22:00","date_gmt":"2018-11-27T16:22:00","guid":{"rendered":"http:\/\/www.ramrolf.eu\/product\/lvregistrs-a4-75mm-juras-zals-esselte-no1-power\/"},"modified":"2019-02-19T16:27:43","modified_gmt":"2019-02-19T13:27:43","slug":"lvregistrs-a4-75mm-juras-zals-esselte-no1-power","status":"publish","type":"product","link":"https:\/\/ramrolf.lv\/ru\/product\/lvregistrs-a4-75mm-juras-zals-esselte-no1-power\/","title":{"rendered":"Re\u0123istrs A4\/75mm,  j\u016bras za\u013c\u0161,  ESSELTE No1 Power"},"content":{"rendered":"","protected":false},"excerpt":{"rendered":"<p>Re\u0123istri A4\/75 mm<\/p>\n","protected":false},"featured_media":44136,"template":"","meta":[],"product_cat":[493],"product_tag":[],"_links":{"self":[{"href":"https:\/\/ramrolf.lv\/ru\/wp-json\/wp\/v2\/product\/44135"}],"collection":[{"href":"https:\/\/ramrolf.lv\/ru\/wp-json\/wp\/v2\/product"}],"about":[{"href":"https:\/\/ramrolf.lv\/ru\/wp-json\/wp\/v2\/types\/product"}],"wp:featuredmedia":[{"embeddable":true,"href":"https:\/\/ramrolf.lv\/ru\/wp-json\/wp\/v2\/media\/44136"}],"wp:attachment":[{"href":"https:\/\/ramrolf.lv\/ru\/wp-json\/wp\/v2\/media?parent=44135"}],"wp:term":[{"taxonomy":"product_cat","embeddable":true,"href":"https:\/\/ramrolf.lv\/ru\/wp-json\/wp\/v2\/product_cat?post=44135"},{"taxonomy":"product_tag","embeddable":true,"href":"https:\/\/ramrolf.lv\/ru\/wp-json\/wp\/v2\/product_tag?post=44135"}],"curies":[{"name":"wp","href":"https:\/\/api.w.org\/{rel}","templated":true}]}}