{"id":44187,"date":"2018-11-27T19:22:17","date_gmt":"2018-11-27T16:22:17","guid":{"rendered":"http:\/\/www.ramrolf.eu\/product\/lvkabata-esselte-a4-glanceta-ar-zilu-malinu\/"},"modified":"2019-01-30T11:31:48","modified_gmt":"2019-01-30T08:31:48","slug":"lvkabata-esselte-a4-glanceta-ar-zilu-malinu","status":"publish","type":"product","link":"https:\/\/ramrolf.lv\/ru\/product\/lvkabata-esselte-a4-glanceta-ar-zilu-malinu\/","title":{"rendered":"Kabata ESSELTE A4,  glanc\u0113ta,  ar zilu mali\u0146u"},"content":{"rendered":"","protected":false},"excerpt":{"rendered":"<p>Kabati\u0146as dokumentiem<\/p>\n","protected":false},"featured_media":44188,"template":"","meta":[],"product_cat":[482],"product_tag":[],"_links":{"self":[{"href":"https:\/\/ramrolf.lv\/ru\/wp-json\/wp\/v2\/product\/44187"}],"collection":[{"href":"https:\/\/ramrolf.lv\/ru\/wp-json\/wp\/v2\/product"}],"about":[{"href":"https:\/\/ramrolf.lv\/ru\/wp-json\/wp\/v2\/types\/product"}],"wp:featuredmedia":[{"embeddable":true,"href":"https:\/\/ramrolf.lv\/ru\/wp-json\/wp\/v2\/media\/44188"}],"wp:attachment":[{"href":"https:\/\/ramrolf.lv\/ru\/wp-json\/wp\/v2\/media?parent=44187"}],"wp:term":[{"taxonomy":"product_cat","embeddable":true,"href":"https:\/\/ramrolf.lv\/ru\/wp-json\/wp\/v2\/product_cat?post=44187"},{"taxonomy":"product_tag","embeddable":true,"href":"https:\/\/ramrolf.lv\/ru\/wp-json\/wp\/v2\/product_tag?post=44187"}],"curies":[{"name":"wp","href":"https:\/\/api.w.org\/{rel}","templated":true}]}}