{"id":44393,"date":"2018-11-28T12:50:19","date_gmt":"2018-11-28T09:50:19","guid":{"rendered":"http:\/\/www.ramrolf.eu\/product\/lvpapirgrozs-forpus-10-litri-melns\/"},"modified":"2019-02-22T14:43:08","modified_gmt":"2019-02-22T11:43:08","slug":"lvpapirgrozs-forpus-10-litri-melns","status":"publish","type":"product","link":"https:\/\/ramrolf.lv\/ru\/product\/lvpapirgrozs-forpus-10-litri-melns\/","title":{"rendered":"Pap\u012brgrozs FORPUS,  10 litri,  melns"},"content":{"rendered":"","protected":false},"excerpt":{"rendered":"<p>Plastmasa pap\u012brgrozs, ietilp\u012bba 10 litri <\/p>\n","protected":false},"featured_media":44394,"template":"","meta":[],"product_cat":[501],"product_tag":[],"_links":{"self":[{"href":"https:\/\/ramrolf.lv\/ru\/wp-json\/wp\/v2\/product\/44393"}],"collection":[{"href":"https:\/\/ramrolf.lv\/ru\/wp-json\/wp\/v2\/product"}],"about":[{"href":"https:\/\/ramrolf.lv\/ru\/wp-json\/wp\/v2\/types\/product"}],"wp:featuredmedia":[{"embeddable":true,"href":"https:\/\/ramrolf.lv\/ru\/wp-json\/wp\/v2\/media\/44394"}],"wp:attachment":[{"href":"https:\/\/ramrolf.lv\/ru\/wp-json\/wp\/v2\/media?parent=44393"}],"wp:term":[{"taxonomy":"product_cat","embeddable":true,"href":"https:\/\/ramrolf.lv\/ru\/wp-json\/wp\/v2\/product_cat?post=44393"},{"taxonomy":"product_tag","embeddable":true,"href":"https:\/\/ramrolf.lv\/ru\/wp-json\/wp\/v2\/product_tag?post=44393"}],"curies":[{"name":"wp","href":"https:\/\/api.w.org\/{rel}","templated":true}]}}