{"id":44395,"date":"2018-11-28T12:50:20","date_gmt":"2018-11-28T09:50:20","guid":{"rendered":"http:\/\/www.ramrolf.eu\/product\/lvnaza-asmeni-forpus-9mm-10gab\/"},"modified":"2019-02-22T12:16:16","modified_gmt":"2019-02-22T09:16:16","slug":"lvnaza-asmeni-forpus-9mm-10gab","status":"publish","type":"product","link":"https:\/\/ramrolf.lv\/ru\/product\/lvnaza-asmeni-forpus-9mm-10gab\/","title":{"rendered":"Na\u017ea asme\u0146i FORPUS 9mm\/10gab."},"content":{"rendered":"","protected":false},"excerpt":{"rendered":"<p>10 gab. Iztur\u012bg\u0101 plastmasas konteiner\u0101. <\/p>\n","protected":false},"featured_media":44396,"template":"","meta":[],"product_cat":[499],"product_tag":[],"_links":{"self":[{"href":"https:\/\/ramrolf.lv\/ru\/wp-json\/wp\/v2\/product\/44395"}],"collection":[{"href":"https:\/\/ramrolf.lv\/ru\/wp-json\/wp\/v2\/product"}],"about":[{"href":"https:\/\/ramrolf.lv\/ru\/wp-json\/wp\/v2\/types\/product"}],"wp:featuredmedia":[{"embeddable":true,"href":"https:\/\/ramrolf.lv\/ru\/wp-json\/wp\/v2\/media\/44396"}],"wp:attachment":[{"href":"https:\/\/ramrolf.lv\/ru\/wp-json\/wp\/v2\/media?parent=44395"}],"wp:term":[{"taxonomy":"product_cat","embeddable":true,"href":"https:\/\/ramrolf.lv\/ru\/wp-json\/wp\/v2\/product_cat?post=44395"},{"taxonomy":"product_tag","embeddable":true,"href":"https:\/\/ramrolf.lv\/ru\/wp-json\/wp\/v2\/product_tag?post=44395"}],"curies":[{"name":"wp","href":"https:\/\/api.w.org\/{rel}","templated":true}]}}