{"id":44609,"date":"2018-11-28T12:51:51","date_gmt":"2018-11-28T09:51:51","guid":{"rendered":"http:\/\/www.ramrolf.eu\/product\/lvnazis-kancelejas-18mm-ar-metalisku-stiprinajumu\/"},"modified":"2019-02-22T12:16:56","modified_gmt":"2019-02-22T09:16:56","slug":"lvnazis-kancelejas-18mm-ar-metalisku-stiprinajumu","status":"publish","type":"product","link":"https:\/\/ramrolf.lv\/ru\/product\/lvnazis-kancelejas-18mm-ar-metalisku-stiprinajumu\/","title":{"rendered":"Nazis kancelejas 18mm,  ar met\u0101lisku stiprinajumu"},"content":{"rendered":"","protected":false},"excerpt":{"rendered":"<p>Univers\u0101ls nazis ar izb\u012bd\u0101mu asmeni, plastmasa korpuss. Main\u0101ms asmenis 18 mm. <\/p>\n","protected":false},"featured_media":44610,"template":"","meta":[],"product_cat":[499],"product_tag":[],"_links":{"self":[{"href":"https:\/\/ramrolf.lv\/ru\/wp-json\/wp\/v2\/product\/44609"}],"collection":[{"href":"https:\/\/ramrolf.lv\/ru\/wp-json\/wp\/v2\/product"}],"about":[{"href":"https:\/\/ramrolf.lv\/ru\/wp-json\/wp\/v2\/types\/product"}],"wp:featuredmedia":[{"embeddable":true,"href":"https:\/\/ramrolf.lv\/ru\/wp-json\/wp\/v2\/media\/44610"}],"wp:attachment":[{"href":"https:\/\/ramrolf.lv\/ru\/wp-json\/wp\/v2\/media?parent=44609"}],"wp:term":[{"taxonomy":"product_cat","embeddable":true,"href":"https:\/\/ramrolf.lv\/ru\/wp-json\/wp\/v2\/product_cat?post=44609"},{"taxonomy":"product_tag","embeddable":true,"href":"https:\/\/ramrolf.lv\/ru\/wp-json\/wp\/v2\/product_tag?post=44609"}],"curies":[{"name":"wp","href":"https:\/\/api.w.org\/{rel}","templated":true}]}}