{"id":44635,"date":"2018-11-28T12:52:02","date_gmt":"2018-11-28T09:52:02","guid":{"rendered":"http:\/\/www.ramrolf.eu\/product\/lvnazis-kancelejas-18mm-ar-gumijotu-rokturi\/"},"modified":"2019-02-22T12:17:32","modified_gmt":"2019-02-22T09:17:32","slug":"lvnazis-kancelejas-18mm-ar-gumijotu-rokturi","status":"publish","type":"product","link":"https:\/\/ramrolf.lv\/ru\/product\/lvnazis-kancelejas-18mm-ar-gumijotu-rokturi\/","title":{"rendered":"Nazis kancelejas 18mm, ar gumijotu rokturi"},"content":{"rendered":"","protected":false},"excerpt":{"rendered":"<p>Jaud\u012bgs nazis, stingrs asme\u0146a blo\u0137\u0113t\u0101js regul\u0113 t\u0101 padevi. Korpusa iek\u0161pus\u0113 ir met\u0101la vadotnes, kas pastiprina na\u017ea jaudu. Main\u0101mi asme\u0146i \u2013 18 mm. <\/p>\n","protected":false},"featured_media":44636,"template":"","meta":[],"product_cat":[499],"product_tag":[],"_links":{"self":[{"href":"https:\/\/ramrolf.lv\/ru\/wp-json\/wp\/v2\/product\/44635"}],"collection":[{"href":"https:\/\/ramrolf.lv\/ru\/wp-json\/wp\/v2\/product"}],"about":[{"href":"https:\/\/ramrolf.lv\/ru\/wp-json\/wp\/v2\/types\/product"}],"wp:featuredmedia":[{"embeddable":true,"href":"https:\/\/ramrolf.lv\/ru\/wp-json\/wp\/v2\/media\/44636"}],"wp:attachment":[{"href":"https:\/\/ramrolf.lv\/ru\/wp-json\/wp\/v2\/media?parent=44635"}],"wp:term":[{"taxonomy":"product_cat","embeddable":true,"href":"https:\/\/ramrolf.lv\/ru\/wp-json\/wp\/v2\/product_cat?post=44635"},{"taxonomy":"product_tag","embeddable":true,"href":"https:\/\/ramrolf.lv\/ru\/wp-json\/wp\/v2\/product_tag?post=44635"}],"curies":[{"name":"wp","href":"https:\/\/api.w.org\/{rel}","templated":true}]}}