{"id":44931,"date":"2018-11-28T12:54:34","date_gmt":"2018-11-28T09:54:34","guid":{"rendered":"http:\/\/www.ramrolf.eu\/product\/lvatslegu-kaste-20-atslegam\/"},"modified":"2019-03-20T13:48:20","modified_gmt":"2019-03-20T10:48:20","slug":"lvatslegu-kaste-20-atslegam","status":"publish","type":"product","link":"https:\/\/ramrolf.lv\/ru\/product\/lvatslegu-kaste-20-atslegam\/","title":{"rendered":"Atsl\u0113gu kaste 20 atsl\u0113g\u0101m"},"content":{"rendered":"","protected":false},"excerpt":{"rendered":"<p>Izm\u0113ri 200 x 160 x 75 mm <\/p>\n","protected":false},"featured_media":47899,"template":"","meta":[],"product_cat":[501],"product_tag":[],"_links":{"self":[{"href":"https:\/\/ramrolf.lv\/ru\/wp-json\/wp\/v2\/product\/44931"}],"collection":[{"href":"https:\/\/ramrolf.lv\/ru\/wp-json\/wp\/v2\/product"}],"about":[{"href":"https:\/\/ramrolf.lv\/ru\/wp-json\/wp\/v2\/types\/product"}],"wp:featuredmedia":[{"embeddable":true,"href":"https:\/\/ramrolf.lv\/ru\/wp-json\/wp\/v2\/media\/47899"}],"wp:attachment":[{"href":"https:\/\/ramrolf.lv\/ru\/wp-json\/wp\/v2\/media?parent=44931"}],"wp:term":[{"taxonomy":"product_cat","embeddable":true,"href":"https:\/\/ramrolf.lv\/ru\/wp-json\/wp\/v2\/product_cat?post=44931"},{"taxonomy":"product_tag","embeddable":true,"href":"https:\/\/ramrolf.lv\/ru\/wp-json\/wp\/v2\/product_tag?post=44931"}],"curies":[{"name":"wp","href":"https:\/\/api.w.org\/{rel}","templated":true}]}}