{"id":44984,"date":"2018-11-28T12:55:12","date_gmt":"2018-11-28T09:55:12","guid":{"rendered":"http:\/\/www.ramrolf.eu\/product\/lvorganizators-forpus-4nod-melns-metal\/"},"modified":"2019-02-28T18:51:01","modified_gmt":"2019-02-28T15:51:01","slug":"galda-traucins-forpus-melns","status":"publish","type":"product","link":"https:\/\/ramrolf.lv\/ru\/product\/galda-traucins-forpus-melns\/","title":{"rendered":"Galda trauci\u0146\u0161 Forpus, melns"},"content":{"rendered":"","protected":false},"excerpt":{"rendered":"<p>Galda organiz\u0101tori<\/p>\n","protected":false},"featured_media":47586,"template":"","meta":[],"product_cat":[966],"product_tag":[],"_links":{"self":[{"href":"https:\/\/ramrolf.lv\/ru\/wp-json\/wp\/v2\/product\/44984"}],"collection":[{"href":"https:\/\/ramrolf.lv\/ru\/wp-json\/wp\/v2\/product"}],"about":[{"href":"https:\/\/ramrolf.lv\/ru\/wp-json\/wp\/v2\/types\/product"}],"wp:featuredmedia":[{"embeddable":true,"href":"https:\/\/ramrolf.lv\/ru\/wp-json\/wp\/v2\/media\/47586"}],"wp:attachment":[{"href":"https:\/\/ramrolf.lv\/ru\/wp-json\/wp\/v2\/media?parent=44984"}],"wp:term":[{"taxonomy":"product_cat","embeddable":true,"href":"https:\/\/ramrolf.lv\/ru\/wp-json\/wp\/v2\/product_cat?post=44984"},{"taxonomy":"product_tag","embeddable":true,"href":"https:\/\/ramrolf.lv\/ru\/wp-json\/wp\/v2\/product_tag?post=44984"}],"curies":[{"name":"wp","href":"https:\/\/api.w.org\/{rel}","templated":true}]}}