{"id":45014,"date":"2018-11-28T12:55:24","date_gmt":"2018-11-28T09:55:24","guid":{"rendered":"http:\/\/www.ramrolf.eu\/product\/lvskeres-21cm-forpus\/"},"modified":"2019-02-22T12:33:11","modified_gmt":"2019-02-22T09:33:11","slug":"lvskeres-21cm-forpus","status":"publish","type":"product","link":"https:\/\/ramrolf.lv\/ru\/product\/lvskeres-21cm-forpus\/","title":{"rendered":"\u0160\u0137\u0113res 21cm Forpus"},"content":{"rendered":"","protected":false},"excerpt":{"rendered":"<p>Univers\u0101las biroja \u0161\u0137\u0113res no ner\u016bs\u0113jo\u0161\u0101 t\u0113rauda. Ergonomiski plastmasas rokturi. \u013boti asi asme\u0146i. Noapa\u013coti gali. Tiek pieg\u0101d\u0101tas fiks\u0113t\u0101 veid\u0101 kartona tur\u0113t\u0101j\u0101.<\/p>\n","protected":false},"featured_media":45015,"template":"","meta":[],"product_cat":[499],"product_tag":[],"_links":{"self":[{"href":"https:\/\/ramrolf.lv\/ru\/wp-json\/wp\/v2\/product\/45014"}],"collection":[{"href":"https:\/\/ramrolf.lv\/ru\/wp-json\/wp\/v2\/product"}],"about":[{"href":"https:\/\/ramrolf.lv\/ru\/wp-json\/wp\/v2\/types\/product"}],"wp:featuredmedia":[{"embeddable":true,"href":"https:\/\/ramrolf.lv\/ru\/wp-json\/wp\/v2\/media\/45015"}],"wp:attachment":[{"href":"https:\/\/ramrolf.lv\/ru\/wp-json\/wp\/v2\/media?parent=45014"}],"wp:term":[{"taxonomy":"product_cat","embeddable":true,"href":"https:\/\/ramrolf.lv\/ru\/wp-json\/wp\/v2\/product_cat?post=45014"},{"taxonomy":"product_tag","embeddable":true,"href":"https:\/\/ramrolf.lv\/ru\/wp-json\/wp\/v2\/product_tag?post=45014"}],"curies":[{"name":"wp","href":"https:\/\/api.w.org\/{rel}","templated":true}]}}