{"id":45110,"date":"2018-11-28T12:55:56","date_gmt":"2018-11-28T09:55:56","guid":{"rendered":"http:\/\/www.ramrolf.eu\/product\/lvkalkulators-forpus-11002\/"},"modified":"2021-08-25T16:30:31","modified_gmt":"2021-08-25T13:30:31","slug":"lvkalkulators-forpus-11002","status":"publish","type":"product","link":"https:\/\/ramrolf.lv\/ru\/product\/lvkalkulators-forpus-11002\/","title":{"rendered":"Kalkulators FORPUS 11002"},"content":{"rendered":"","protected":false},"excerpt":{"rendered":"<p>\u0160\u0137idro krist\u0101lu displejs, 14 simboli. Divk\u0101r\u0161a baro\u0161ana: baterija + saules elementi. Autoatk\u0101rto\u0161anas funkcija. Korekcija 99 so\u013ci. Tausti\u0146\u0161 \u201e000\u201d.<\/p>\n","protected":false},"featured_media":45111,"template":"","meta":[],"product_cat":[367,337],"product_tag":[],"_links":{"self":[{"href":"https:\/\/ramrolf.lv\/ru\/wp-json\/wp\/v2\/product\/45110"}],"collection":[{"href":"https:\/\/ramrolf.lv\/ru\/wp-json\/wp\/v2\/product"}],"about":[{"href":"https:\/\/ramrolf.lv\/ru\/wp-json\/wp\/v2\/types\/product"}],"wp:featuredmedia":[{"embeddable":true,"href":"https:\/\/ramrolf.lv\/ru\/wp-json\/wp\/v2\/media\/45111"}],"wp:attachment":[{"href":"https:\/\/ramrolf.lv\/ru\/wp-json\/wp\/v2\/media?parent=45110"}],"wp:term":[{"taxonomy":"product_cat","embeddable":true,"href":"https:\/\/ramrolf.lv\/ru\/wp-json\/wp\/v2\/product_cat?post=45110"},{"taxonomy":"product_tag","embeddable":true,"href":"https:\/\/ramrolf.lv\/ru\/wp-json\/wp\/v2\/product_tag?post=45110"}],"curies":[{"name":"wp","href":"https:\/\/api.w.org\/{rel}","templated":true}]}}