{"id":45182,"date":"2018-11-28T12:56:28","date_gmt":"2018-11-28T09:56:28","guid":{"rendered":"http:\/\/www.ramrolf.eu\/product\/lvkalkulators-forpus-11004\/"},"modified":"2021-08-25T16:30:30","modified_gmt":"2021-08-25T13:30:30","slug":"lvkalkulators-forpus-11004","status":"publish","type":"product","link":"https:\/\/ramrolf.lv\/ru\/product\/lvkalkulators-forpus-11004\/","title":{"rendered":"Kalkulators FORPUS 11004"},"content":{"rendered":"","protected":false},"excerpt":{"rendered":"<p>\u0160\u0137idro krist\u0101lu displejs, 10 simboli. Divk\u0101r\u0161a baro\u0161ana: baterija + saules elementi. Autoatk\u0101rto\u0161anas funkcija. Korekcija 99 so\u013ci.<\/p>\n","protected":false},"featured_media":45183,"template":"","meta":[],"product_cat":[367,337],"product_tag":[],"_links":{"self":[{"href":"https:\/\/ramrolf.lv\/ru\/wp-json\/wp\/v2\/product\/45182"}],"collection":[{"href":"https:\/\/ramrolf.lv\/ru\/wp-json\/wp\/v2\/product"}],"about":[{"href":"https:\/\/ramrolf.lv\/ru\/wp-json\/wp\/v2\/types\/product"}],"wp:featuredmedia":[{"embeddable":true,"href":"https:\/\/ramrolf.lv\/ru\/wp-json\/wp\/v2\/media\/45183"}],"wp:attachment":[{"href":"https:\/\/ramrolf.lv\/ru\/wp-json\/wp\/v2\/media?parent=45182"}],"wp:term":[{"taxonomy":"product_cat","embeddable":true,"href":"https:\/\/ramrolf.lv\/ru\/wp-json\/wp\/v2\/product_cat?post=45182"},{"taxonomy":"product_tag","embeddable":true,"href":"https:\/\/ramrolf.lv\/ru\/wp-json\/wp\/v2\/product_tag?post=45182"}],"curies":[{"name":"wp","href":"https:\/\/api.w.org\/{rel}","templated":true}]}}