{"id":45258,"date":"2018-11-28T12:57:05","date_gmt":"2018-11-28T09:57:05","guid":{"rendered":"http:\/\/www.ramrolf.eu\/product\/lvkalkulators-forpus-11001\/"},"modified":"2021-08-25T16:30:27","modified_gmt":"2021-08-25T13:30:27","slug":"lvkalkulators-forpus-11001","status":"publish","type":"product","link":"https:\/\/ramrolf.lv\/ru\/product\/lvkalkulators-forpus-11001\/","title":{"rendered":"Kalkulators FORPUS 11001"},"content":{"rendered":"","protected":false},"excerpt":{"rendered":"<p>\u0160\u0137idro krist\u0101lu displejs, 12 simboli. Divk\u0101r\u0161a baro\u0161ana: baterija + saules elementi. 2 atmi\u0146as re\u0123istri.<\/p>\n","protected":false},"featured_media":45259,"template":"","meta":[],"product_cat":[367,337],"product_tag":[],"_links":{"self":[{"href":"https:\/\/ramrolf.lv\/ru\/wp-json\/wp\/v2\/product\/45258"}],"collection":[{"href":"https:\/\/ramrolf.lv\/ru\/wp-json\/wp\/v2\/product"}],"about":[{"href":"https:\/\/ramrolf.lv\/ru\/wp-json\/wp\/v2\/types\/product"}],"wp:featuredmedia":[{"embeddable":true,"href":"https:\/\/ramrolf.lv\/ru\/wp-json\/wp\/v2\/media\/45259"}],"wp:attachment":[{"href":"https:\/\/ramrolf.lv\/ru\/wp-json\/wp\/v2\/media?parent=45258"}],"wp:term":[{"taxonomy":"product_cat","embeddable":true,"href":"https:\/\/ramrolf.lv\/ru\/wp-json\/wp\/v2\/product_cat?post=45258"},{"taxonomy":"product_tag","embeddable":true,"href":"https:\/\/ramrolf.lv\/ru\/wp-json\/wp\/v2\/product_tag?post=45258"}],"curies":[{"name":"wp","href":"https:\/\/api.w.org\/{rel}","templated":true}]}}