{"id":45421,"date":"2018-11-28T13:56:43","date_gmt":"2018-11-28T10:56:43","guid":{"rendered":"http:\/\/www.ramrolf.eu\/product\/lvtualetes-papira-turetajs-brabantia-no-metala-matets\/"},"modified":"2018-11-28T13:56:43","modified_gmt":"2018-11-28T10:56:43","slug":"lvtualetes-papira-turetajs-brabantia-no-metala-matets","status":"publish","type":"product","link":"https:\/\/ramrolf.lv\/ru\/product\/lvtualetes-papira-turetajs-brabantia-no-metala-matets\/","title":{"rendered":"Tualetes pap\u012bra tur\u0113t\u0101js Brabantia no met\u0101la,  mat\u0113ts"},"content":{"rendered":"","protected":false},"excerpt":{"rendered":"<p>Tualetes pap\u012bra tur\u0113t\u0101ji<\/p>\n","protected":false},"featured_media":296,"template":"","meta":[],"product_cat":[507],"product_tag":[],"_links":{"self":[{"href":"https:\/\/ramrolf.lv\/ru\/wp-json\/wp\/v2\/product\/45421"}],"collection":[{"href":"https:\/\/ramrolf.lv\/ru\/wp-json\/wp\/v2\/product"}],"about":[{"href":"https:\/\/ramrolf.lv\/ru\/wp-json\/wp\/v2\/types\/product"}],"wp:featuredmedia":[{"embeddable":true,"href":"https:\/\/ramrolf.lv\/ru\/wp-json\/wp\/v2\/media\/296"}],"wp:attachment":[{"href":"https:\/\/ramrolf.lv\/ru\/wp-json\/wp\/v2\/media?parent=45421"}],"wp:term":[{"taxonomy":"product_cat","embeddable":true,"href":"https:\/\/ramrolf.lv\/ru\/wp-json\/wp\/v2\/product_cat?post=45421"},{"taxonomy":"product_tag","embeddable":true,"href":"https:\/\/ramrolf.lv\/ru\/wp-json\/wp\/v2\/product_tag?post=45421"}],"curies":[{"name":"wp","href":"https:\/\/api.w.org\/{rel}","templated":true}]}}