{"id":45437,"date":"2018-11-28T13:56:54","date_gmt":"2018-11-28T10:56:54","guid":{"rendered":"http:\/\/www.ramrolf.eu\/product\/lvdvielis-katrin-basic-s2-70m-2-slani\/"},"modified":"2018-11-28T13:56:54","modified_gmt":"2018-11-28T10:56:54","slug":"lvdvielis-katrin-basic-s2-70m-2-slani","status":"publish","type":"product","link":"https:\/\/ramrolf.lv\/ru\/product\/lvdvielis-katrin-basic-s2-70m-2-slani\/","title":{"rendered":"Dvielis KATRIN Basic S2 70m,  2 sl\u0101\u0146i"},"content":{"rendered":"","protected":false},"excerpt":{"rendered":"<p>Dvie\u013ci ru\u013c\u013cos tur\u0113t\u0101jiem<\/p>\n","protected":false},"featured_media":45438,"template":"","meta":[],"product_cat":[510],"product_tag":[],"_links":{"self":[{"href":"https:\/\/ramrolf.lv\/ru\/wp-json\/wp\/v2\/product\/45437"}],"collection":[{"href":"https:\/\/ramrolf.lv\/ru\/wp-json\/wp\/v2\/product"}],"about":[{"href":"https:\/\/ramrolf.lv\/ru\/wp-json\/wp\/v2\/types\/product"}],"wp:featuredmedia":[{"embeddable":true,"href":"https:\/\/ramrolf.lv\/ru\/wp-json\/wp\/v2\/media\/45438"}],"wp:attachment":[{"href":"https:\/\/ramrolf.lv\/ru\/wp-json\/wp\/v2\/media?parent=45437"}],"wp:term":[{"taxonomy":"product_cat","embeddable":true,"href":"https:\/\/ramrolf.lv\/ru\/wp-json\/wp\/v2\/product_cat?post=45437"},{"taxonomy":"product_tag","embeddable":true,"href":"https:\/\/ramrolf.lv\/ru\/wp-json\/wp\/v2\/product_tag?post=45437"}],"curies":[{"name":"wp","href":"https:\/\/api.w.org\/{rel}","templated":true}]}}